{"id":86,"date":"2024-03-31T16:31:00","date_gmt":"2024-03-31T16:31:00","guid":{"rendered":"http:\/\/fischer-edelstahlrohre-austria.mediapool.digital\/?page_id=86"},"modified":"2025-04-02T09:41:22","modified_gmt":"2025-04-02T08:41:22","slug":"vision-mission","status":"publish","type":"page","link":"https:\/\/fischer-edelstahlrohre-austria.mediapool.digital\/en\/vision-mission\/","title":{"rendered":"Vision\/Mission"},"content":{"rendered":"<div data-elementor-type=\"wp-page\" data-elementor-id=\"86\" class=\"elementor elementor-86\" data-elementor-post-type=\"page\">\n\t\t\t\t<div class=\"elementor-element elementor-element-667e4dce e-flex e-con-boxed e-con e-parent\" data-id=\"667e4dce\" data-element_type=\"container\" data-e-type=\"container\" data-settings=\"{&quot;background_background&quot;:&quot;classic&quot;}\">\n\t\t\t\t\t<div class=\"e-con-inner\">\n\t\t\t\t\t<\/div>\n\t\t\t\t<\/div>\n\t\t<div class=\"elementor-element elementor-element-26bf9e16 e-flex e-con-boxed e-con e-parent\" data-id=\"26bf9e16\" data-element_type=\"container\" data-e-type=\"container\" data-settings=\"{&quot;background_background&quot;:&quot;classic&quot;}\">\n\t\t\t\t\t<div class=\"e-con-inner\">\n\t\t<div class=\"elementor-element elementor-element-54089a02 e-con-full e-flex e-con e-child\" data-id=\"54089a02\" data-element_type=\"container\" data-e-type=\"container\" data-settings=\"{&quot;animation&quot;:&quot;none&quot;}\">\n\t\t\t\t<div class=\"elementor-element elementor-element-57c6c77c elementor-widget elementor-widget-heading\" data-id=\"57c6c77c\" data-element_type=\"widget\" data-e-type=\"widget\" data-settings=\"{&quot;_animation&quot;:&quot;none&quot;,&quot;_animation_delay&quot;:50}\" data-widget_type=\"heading.default\">\n\t\t\t\t<div class=\"elementor-widget-container\">\n\t\t\t\t\t<h1 class=\"elementor-heading-title elementor-size-default\">what we stand for \u2013 Vision\/Mission<\/h1>\t\t\t\t<\/div>\n\t\t\t\t<\/div>\n\t\t\t\t<div class=\"elementor-element elementor-element-68201d1b elementor-widget elementor-widget-heading\" data-id=\"68201d1b\" data-element_type=\"widget\" data-e-type=\"widget\" data-widget_type=\"heading.default\">\n\t\t\t\t<div class=\"elementor-widget-container\">\n\t\t\t\t\t<h1 class=\"elementor-heading-title elementor-size-default\">Purpose<\/h1>\t\t\t\t<\/div>\n\t\t\t\t<\/div>\n\t\t\t\t<div class=\"elementor-element elementor-element-65b5d23 elementor-widget elementor-widget-text-editor\" data-id=\"65b5d23\" data-element_type=\"widget\" data-e-type=\"widget\" data-widget_type=\"text-editor.default\">\n\t\t\t\t<div class=\"elementor-widget-container\">\n\t\t\t\t\t\t\t\t\tDie Welt ist im Fluss \u2013 wir helfen dabei  \/  The world is in flow \u2013 we make it happen \t\t\t\t\t\t\t\t<\/div>\n\t\t\t\t<\/div>\n\t\t\t\t<\/div>\n\t\t\t\t\t<\/div>\n\t\t\t\t<\/div>\n\t\t<div class=\"elementor-element elementor-element-49cad02e e-flex e-con-boxed e-con e-parent\" data-id=\"49cad02e\" data-element_type=\"container\" data-e-type=\"container\" data-settings=\"{&quot;background_background&quot;:&quot;classic&quot;}\">\n\t\t\t\t\t<div class=\"e-con-inner\">\n\t\t<div class=\"elementor-element elementor-element-10acbdfa e-con-full e-flex e-con e-child\" data-id=\"10acbdfa\" data-element_type=\"container\" data-e-type=\"container\" data-settings=\"{&quot;animation&quot;:&quot;none&quot;}\">\n\t\t\t\t<div class=\"elementor-element elementor-element-44646684 elementor-widget elementor-widget-heading\" data-id=\"44646684\" data-element_type=\"widget\" data-e-type=\"widget\" data-settings=\"{&quot;_animation&quot;:&quot;none&quot;,&quot;_animation_delay&quot;:50}\" data-widget_type=\"heading.default\">\n\t\t\t\t<div class=\"elementor-widget-container\">\n\t\t\t\t\t<h2 class=\"elementor-heading-title elementor-size-default\">Mission<\/h2>\t\t\t\t<\/div>\n\t\t\t\t<\/div>\n\t\t\t\t<div class=\"elementor-element elementor-element-4257f2d elementor-widget elementor-widget-heading\" data-id=\"4257f2d\" data-element_type=\"widget\" data-e-type=\"widget\" data-widget_type=\"heading.default\">\n\t\t\t\t<div class=\"elementor-widget-container\">\n\t\t\t\t\t<h2 class=\"elementor-heading-title elementor-size-default\">Wir lieben, was wir tun!<\/h2>\t\t\t\t<\/div>\n\t\t\t\t<\/div>\n\t\t\t\t<div class=\"elementor-element elementor-element-8cf5c76 elementor-widget elementor-widget-text-editor\" data-id=\"8cf5c76\" data-element_type=\"widget\" data-e-type=\"widget\" data-widget_type=\"text-editor.default\">\n\t\t\t\t<div class=\"elementor-widget-container\">\n\t\t\t\t\t\t\t\t\t<p>Unser engagiertes Team w\u00e4chst an Herausforderungen und entwickelt sich konsequent weiter. Neugierde, Kreativit\u00e4t und Ausdauer schwei\u00dfen uns zusammen. Unser t\u00e4gliches Streben nach Effizienz und Verbesserungen verschaffen uns Erfolgserlebnisse. Von der Planung bis zur Umsetzung \u00fcberzeugen wir mit Zuverl\u00e4ssigkeit und Verantwortungsbewusstsein. Wir stehen in st\u00e4ndigem Austausch mit unseren Partnern und begeistern mit Transparenz und Offenheit. Damit formen wir optimale L\u00f6sungen f\u00fcr individuelle Kundenbed\u00fcrfnisse.<\/p>\t\t\t\t\t\t\t\t<\/div>\n\t\t\t\t<\/div>\n\t\t\t\t<\/div>\n\t\t<div class=\"elementor-element elementor-element-3d681d0a e-con-full e-flex e-con e-child\" data-id=\"3d681d0a\" data-element_type=\"container\" data-e-type=\"container\">\n\t\t\t\t<div class=\"elementor-element elementor-element-39b62b32 elementor-widget elementor-widget-image\" data-id=\"39b62b32\" data-element_type=\"widget\" data-e-type=\"widget\" data-widget_type=\"image.default\">\n\t\t\t\t<div class=\"elementor-widget-container\">\n\t\t\t\t\t\t\t\t\t\t\t\t\t\t\t<img fetchpriority=\"high\" decoding=\"async\" width=\"800\" height=\"534\" src=\"https:\/\/fischer-edelstahlrohre-austria.mediapool.digital\/wp-content\/uploads\/2025\/01\/MG_5151-1024x683.jpg\" class=\"attachment-large size-large wp-image-2448\" alt=\"\" srcset=\"https:\/\/fischer-edelstahlrohre-austria.mediapool.digital\/wp-content\/uploads\/2025\/01\/MG_5151-1024x683.jpg 1024w, https:\/\/fischer-edelstahlrohre-austria.mediapool.digital\/wp-content\/uploads\/2025\/01\/MG_5151-300x200.jpg 300w, https:\/\/fischer-edelstahlrohre-austria.mediapool.digital\/wp-content\/uploads\/2025\/01\/MG_5151-768x512.jpg 768w, https:\/\/fischer-edelstahlrohre-austria.mediapool.digital\/wp-content\/uploads\/2025\/01\/MG_5151-1536x1024.jpg 1536w, https:\/\/fischer-edelstahlrohre-austria.mediapool.digital\/wp-content\/uploads\/2025\/01\/MG_5151.jpg 1920w\" sizes=\"(max-width: 800px) 100vw, 800px\" \/>\t\t\t\t\t\t\t\t\t\t\t\t\t\t\t<\/div>\n\t\t\t\t<\/div>\n\t\t\t\t<\/div>\n\t\t\t\t\t<\/div>\n\t\t\t\t<\/div>\n\t\t<div class=\"elementor-element elementor-element-05324c0 e-flex e-con-boxed e-con e-parent\" data-id=\"05324c0\" data-element_type=\"container\" data-e-type=\"container\">\n\t\t\t\t\t<div class=\"e-con-inner\">\n\t\t<div class=\"elementor-element elementor-element-5fa6b48 e-con-full e-flex e-con e-child\" data-id=\"5fa6b48\" data-element_type=\"container\" data-e-type=\"container\">\n\t\t\t\t<div class=\"elementor-element elementor-element-9e7b4bc elementor-widget elementor-widget-image\" data-id=\"9e7b4bc\" data-element_type=\"widget\" data-e-type=\"widget\" data-widget_type=\"image.default\">\n\t\t\t\t<div class=\"elementor-widget-container\">\n\t\t\t\t\t\t\t\t\t\t\t\t\t\t\t<img decoding=\"async\" width=\"800\" height=\"534\" src=\"https:\/\/fischer-edelstahlrohre-austria.mediapool.digital\/wp-content\/uploads\/2025\/01\/MG_5273-1024x683.jpg\" class=\"attachment-large size-large wp-image-2457\" alt=\"\" srcset=\"https:\/\/fischer-edelstahlrohre-austria.mediapool.digital\/wp-content\/uploads\/2025\/01\/MG_5273-1024x683.jpg 1024w, https:\/\/fischer-edelstahlrohre-austria.mediapool.digital\/wp-content\/uploads\/2025\/01\/MG_5273-300x200.jpg 300w, https:\/\/fischer-edelstahlrohre-austria.mediapool.digital\/wp-content\/uploads\/2025\/01\/MG_5273-768x512.jpg 768w, https:\/\/fischer-edelstahlrohre-austria.mediapool.digital\/wp-content\/uploads\/2025\/01\/MG_5273-1536x1024.jpg 1536w, https:\/\/fischer-edelstahlrohre-austria.mediapool.digital\/wp-content\/uploads\/2025\/01\/MG_5273.jpg 1920w\" sizes=\"(max-width: 800px) 100vw, 800px\" \/>\t\t\t\t\t\t\t\t\t\t\t\t\t\t\t<\/div>\n\t\t\t\t<\/div>\n\t\t\t\t<\/div>\n\t\t<div class=\"elementor-element elementor-element-25d7fd3 e-con-full e-flex e-con e-child\" data-id=\"25d7fd3\" data-element_type=\"container\" data-e-type=\"container\" data-settings=\"{&quot;animation&quot;:&quot;none&quot;}\">\n\t\t\t\t<div class=\"elementor-element elementor-element-aed0cf1 elementor-widget elementor-widget-heading\" data-id=\"aed0cf1\" data-element_type=\"widget\" data-e-type=\"widget\" data-settings=\"{&quot;_animation&quot;:&quot;none&quot;,&quot;_animation_delay&quot;:50}\" data-widget_type=\"heading.default\">\n\t\t\t\t<div class=\"elementor-widget-container\">\n\t\t\t\t\t<h2 class=\"elementor-heading-title elementor-size-default\">Vision<\/h2>\t\t\t\t<\/div>\n\t\t\t\t<\/div>\n\t\t\t\t<div class=\"elementor-element elementor-element-bb85126 elementor-widget elementor-widget-heading\" data-id=\"bb85126\" data-element_type=\"widget\" data-e-type=\"widget\" data-widget_type=\"heading.default\">\n\t\t\t\t<div class=\"elementor-widget-container\">\n\t\t\t\t\t<h2 class=\"elementor-heading-title elementor-size-default\">DER Partner in einer sich st\u00e4ndig ver\u00e4ndernden Welt! <\/h2>\t\t\t\t<\/div>\n\t\t\t\t<\/div>\n\t\t\t\t<div class=\"elementor-element elementor-element-26e3fd9 elementor-widget elementor-widget-text-editor\" data-id=\"26e3fd9\" data-element_type=\"widget\" data-e-type=\"widget\" data-widget_type=\"text-editor.default\">\n\t\t\t\t<div class=\"elementor-widget-container\">\n\t\t\t\t\t\t\t\t\tWir sind international die erste Wahl f\u00fcr sicheren Umgang mit Fluiden. Gemeinsam mit unseren Partnern nehmen wir Herausforderungen der Zukunft an und entwickeln effiziente, industrielle L\u00f6sungen in h\u00f6chster Qualit\u00e4t. In einer sich st\u00e4ndig ver\u00e4ndernden Welt ist Innovation unser Antrieb. Mit Know-How und Begeisterung f\u00fcr Fortschritt formen wir best\u00e4ndige Verbindungen und setzen neue Standards.\t\t\t\t\t\t\t\t<\/div>\n\t\t\t\t<\/div>\n\t\t\t\t<\/div>\n\t\t\t\t\t<\/div>\n\t\t\t\t<\/div>\n\t\t\t\t<\/div>","protected":false},"excerpt":{"rendered":"<p>what we stand for \u2013 Vision\/Mission Purpose Die Welt ist im Fluss \u2013 wir helfen dabei \/ The world is in flow \u2013 we make it happen Mission Wir lieben, was wir tun! Unser engagiertes Team w\u00e4chst an Herausforderungen und entwickelt sich konsequent weiter. Neugierde, Kreativit\u00e4t und Ausdauer schwei\u00dfen uns zusammen. Unser t\u00e4gliches Streben nach [&hellip;]<\/p>\n","protected":false},"author":1,"featured_media":0,"parent":0,"menu_order":0,"comment_status":"closed","ping_status":"closed","template":"","meta":{"footnotes":""},"class_list":["post-86","page","type-page","status-publish","hentry"],"yoast_head":"<!-- This site is optimized with the Yoast SEO plugin v27.4 - https:\/\/yoast.com\/product\/yoast-seo-wordpress\/ -->\n<title>Vision\/Mission - Fischer Edelstahlrohre Austria<\/title>\n<meta name=\"robots\" content=\"noindex, follow, max-snippet:-1, max-image-preview:large, max-video-preview:-1\" \/>\n<meta property=\"og:locale\" content=\"en_GB\" \/>\n<meta property=\"og:type\" content=\"article\" \/>\n<meta property=\"og:title\" content=\"Vision\/Mission - Fischer Edelstahlrohre Austria\" \/>\n<meta property=\"og:description\" content=\"what we stand for \u2013 Vision\/Mission Purpose Die Welt ist im Fluss \u2013 wir helfen dabei \/ The world is in flow \u2013 we make it happen Mission Wir lieben, was wir tun! Unser engagiertes Team w\u00e4chst an Herausforderungen und entwickelt sich konsequent weiter. Neugierde, Kreativit\u00e4t und Ausdauer schwei\u00dfen uns zusammen. Unser t\u00e4gliches Streben nach [&hellip;]\" \/>\n<meta property=\"og:url\" content=\"https:\/\/fischer-edelstahlrohre-austria.mediapool.digital\/en\/vision-mission\/\" \/>\n<meta property=\"og:site_name\" content=\"Fischer Edelstahlrohre Austria\" \/>\n<meta property=\"article:publisher\" content=\"https:\/\/www.facebook.com\/fischerEdelstahlrohreAustria\/\" \/>\n<meta property=\"article:modified_time\" content=\"2025-04-02T08:41:22+00:00\" \/>\n<meta property=\"og:image\" content=\"https:\/\/fischer-edelstahlrohre-austria.mediapool.digital\/wp-content\/uploads\/2025\/01\/MG_5151.jpg\" \/>\n\t<meta property=\"og:image:width\" content=\"1920\" \/>\n\t<meta property=\"og:image:height\" content=\"1280\" \/>\n\t<meta property=\"og:image:type\" content=\"image\/jpeg\" \/>\n<meta name=\"twitter:card\" content=\"summary_large_image\" \/>\n<meta name=\"twitter:label1\" content=\"Estimated reading time\" \/>\n\t<meta name=\"twitter:data1\" content=\"2 minutes\" \/>\n<script type=\"application\/ld+json\" class=\"yoast-schema-graph\">{\"@context\":\"https:\\\/\\\/schema.org\",\"@graph\":[{\"@type\":\"WebPage\",\"@id\":\"https:\\\/\\\/fischer-edelstahlrohre-austria.mediapool.digital\\\/vision-mission\\\/\",\"url\":\"https:\\\/\\\/fischer-edelstahlrohre-austria.mediapool.digital\\\/vision-mission\\\/\",\"name\":\"Vision\\\/Mission - Fischer Edelstahlrohre Austria\",\"isPartOf\":{\"@id\":\"https:\\\/\\\/fischer-edelstahlrohre-austria.mediapool.digital\\\/#website\"},\"primaryImageOfPage\":{\"@id\":\"https:\\\/\\\/fischer-edelstahlrohre-austria.mediapool.digital\\\/vision-mission\\\/#primaryimage\"},\"image\":{\"@id\":\"https:\\\/\\\/fischer-edelstahlrohre-austria.mediapool.digital\\\/vision-mission\\\/#primaryimage\"},\"thumbnailUrl\":\"https:\\\/\\\/fischer-edelstahlrohre-austria.mediapool.digital\\\/wp-content\\\/uploads\\\/2025\\\/01\\\/MG_5151-1024x683.jpg\",\"datePublished\":\"2024-03-31T16:31:00+00:00\",\"dateModified\":\"2025-04-02T08:41:22+00:00\",\"breadcrumb\":{\"@id\":\"https:\\\/\\\/fischer-edelstahlrohre-austria.mediapool.digital\\\/vision-mission\\\/#breadcrumb\"},\"inLanguage\":\"en-GB\",\"potentialAction\":[{\"@type\":\"ReadAction\",\"target\":[\"https:\\\/\\\/fischer-edelstahlrohre-austria.mediapool.digital\\\/vision-mission\\\/\"]}]},{\"@type\":\"ImageObject\",\"inLanguage\":\"en-GB\",\"@id\":\"https:\\\/\\\/fischer-edelstahlrohre-austria.mediapool.digital\\\/vision-mission\\\/#primaryimage\",\"url\":\"https:\\\/\\\/fischer-edelstahlrohre-austria.mediapool.digital\\\/wp-content\\\/uploads\\\/2025\\\/01\\\/MG_5151-1024x683.jpg\",\"contentUrl\":\"https:\\\/\\\/fischer-edelstahlrohre-austria.mediapool.digital\\\/wp-content\\\/uploads\\\/2025\\\/01\\\/MG_5151-1024x683.jpg\"},{\"@type\":\"BreadcrumbList\",\"@id\":\"https:\\\/\\\/fischer-edelstahlrohre-austria.mediapool.digital\\\/vision-mission\\\/#breadcrumb\",\"itemListElement\":[{\"@type\":\"ListItem\",\"position\":1,\"name\":\"Home\",\"item\":\"https:\\\/\\\/fischer-edelstahlrohre-austria.mediapool.digital\\\/\"},{\"@type\":\"ListItem\",\"position\":2,\"name\":\"Vision\\\/Mission\"}]},{\"@type\":\"WebSite\",\"@id\":\"https:\\\/\\\/fischer-edelstahlrohre-austria.mediapool.digital\\\/#website\",\"url\":\"https:\\\/\\\/fischer-edelstahlrohre-austria.mediapool.digital\\\/\",\"name\":\"Fischer Edelstahlrohre Austria\",\"description\":\"Entdecken Sie fischer Edelstahlrohre \u2013 Ihr Partner f\u00fcr hochwertige Edelstahlrohre, innovative L\u00f6sungen und pr\u00e4zise Fertigung. Mit modernsten Technologien, nachhaltigen Prozessen und umfassendem Service setzen wir Ma\u00dfst\u00e4be in Qualit\u00e4t und Zuverl\u00e4ssigkeit. Vertrauen Sie auf unsere Expertise in den Bereichen Automotive, Industrie und Spezialanwendungen. Informieren Sie sich jetzt \u00fcber unsere Produkte, Zertifizierungen und unser Engagement f\u00fcr Umwelt und Gesellschaft.\",\"publisher\":{\"@id\":\"https:\\\/\\\/fischer-edelstahlrohre-austria.mediapool.digital\\\/#organization\"},\"potentialAction\":[{\"@type\":\"SearchAction\",\"target\":{\"@type\":\"EntryPoint\",\"urlTemplate\":\"https:\\\/\\\/fischer-edelstahlrohre-austria.mediapool.digital\\\/?s={search_term_string}\"},\"query-input\":{\"@type\":\"PropertyValueSpecification\",\"valueRequired\":true,\"valueName\":\"search_term_string\"}}],\"inLanguage\":\"en-GB\"},{\"@type\":\"Organization\",\"@id\":\"https:\\\/\\\/fischer-edelstahlrohre-austria.mediapool.digital\\\/#organization\",\"name\":\"fischer Edelstahlrohre Austria\",\"alternateName\":\"fischer\",\"url\":\"https:\\\/\\\/fischer-edelstahlrohre-austria.mediapool.digital\\\/\",\"logo\":{\"@type\":\"ImageObject\",\"inLanguage\":\"en-GB\",\"@id\":\"https:\\\/\\\/fischer-edelstahlrohre-austria.mediapool.digital\\\/#\\\/schema\\\/logo\\\/image\\\/\",\"url\":\"https:\\\/\\\/fischer-edelstahlrohre-austria.mediapool.digital\\\/wp-content\\\/uploads\\\/2024\\\/07\\\/fischer-logo-weiss.png\",\"contentUrl\":\"https:\\\/\\\/fischer-edelstahlrohre-austria.mediapool.digital\\\/wp-content\\\/uploads\\\/2024\\\/07\\\/fischer-logo-weiss.png\",\"width\":500,\"height\":236,\"caption\":\"fischer Edelstahlrohre Austria\"},\"image\":{\"@id\":\"https:\\\/\\\/fischer-edelstahlrohre-austria.mediapool.digital\\\/#\\\/schema\\\/logo\\\/image\\\/\"},\"sameAs\":[\"https:\\\/\\\/www.facebook.com\\\/fischerEdelstahlrohreAustria\\\/\",\"https:\\\/\\\/www.instagram.com\\\/fischergriffen\\\/\"]}]}<\/script>\n<!-- \/ Yoast SEO plugin. -->","yoast_head_json":{"title":"Vision\/Mission - Fischer Edelstahlrohre Austria","robots":{"index":"noindex","follow":"follow","max-snippet":"max-snippet:-1","max-image-preview":"max-image-preview:large","max-video-preview":"max-video-preview:-1"},"og_locale":"en_GB","og_type":"article","og_title":"Vision\/Mission - Fischer Edelstahlrohre Austria","og_description":"what we stand for \u2013 Vision\/Mission Purpose Die Welt ist im Fluss \u2013 wir helfen dabei \/ The world is in flow \u2013 we make it happen Mission Wir lieben, was wir tun! Unser engagiertes Team w\u00e4chst an Herausforderungen und entwickelt sich konsequent weiter. Neugierde, Kreativit\u00e4t und Ausdauer schwei\u00dfen uns zusammen. Unser t\u00e4gliches Streben nach [&hellip;]","og_url":"https:\/\/fischer-edelstahlrohre-austria.mediapool.digital\/en\/vision-mission\/","og_site_name":"Fischer Edelstahlrohre Austria","article_publisher":"https:\/\/www.facebook.com\/fischerEdelstahlrohreAustria\/","article_modified_time":"2025-04-02T08:41:22+00:00","og_image":[{"width":1920,"height":1280,"url":"https:\/\/fischer-edelstahlrohre-austria.mediapool.digital\/wp-content\/uploads\/2025\/01\/MG_5151.jpg","type":"image\/jpeg"}],"twitter_card":"summary_large_image","twitter_misc":{"Estimated reading time":"2 minutes"},"schema":{"@context":"https:\/\/schema.org","@graph":[{"@type":"WebPage","@id":"https:\/\/fischer-edelstahlrohre-austria.mediapool.digital\/vision-mission\/","url":"https:\/\/fischer-edelstahlrohre-austria.mediapool.digital\/vision-mission\/","name":"Vision\/Mission - Fischer Edelstahlrohre Austria","isPartOf":{"@id":"https:\/\/fischer-edelstahlrohre-austria.mediapool.digital\/#website"},"primaryImageOfPage":{"@id":"https:\/\/fischer-edelstahlrohre-austria.mediapool.digital\/vision-mission\/#primaryimage"},"image":{"@id":"https:\/\/fischer-edelstahlrohre-austria.mediapool.digital\/vision-mission\/#primaryimage"},"thumbnailUrl":"https:\/\/fischer-edelstahlrohre-austria.mediapool.digital\/wp-content\/uploads\/2025\/01\/MG_5151-1024x683.jpg","datePublished":"2024-03-31T16:31:00+00:00","dateModified":"2025-04-02T08:41:22+00:00","breadcrumb":{"@id":"https:\/\/fischer-edelstahlrohre-austria.mediapool.digital\/vision-mission\/#breadcrumb"},"inLanguage":"en-GB","potentialAction":[{"@type":"ReadAction","target":["https:\/\/fischer-edelstahlrohre-austria.mediapool.digital\/vision-mission\/"]}]},{"@type":"ImageObject","inLanguage":"en-GB","@id":"https:\/\/fischer-edelstahlrohre-austria.mediapool.digital\/vision-mission\/#primaryimage","url":"https:\/\/fischer-edelstahlrohre-austria.mediapool.digital\/wp-content\/uploads\/2025\/01\/MG_5151-1024x683.jpg","contentUrl":"https:\/\/fischer-edelstahlrohre-austria.mediapool.digital\/wp-content\/uploads\/2025\/01\/MG_5151-1024x683.jpg"},{"@type":"BreadcrumbList","@id":"https:\/\/fischer-edelstahlrohre-austria.mediapool.digital\/vision-mission\/#breadcrumb","itemListElement":[{"@type":"ListItem","position":1,"name":"Home","item":"https:\/\/fischer-edelstahlrohre-austria.mediapool.digital\/"},{"@type":"ListItem","position":2,"name":"Vision\/Mission"}]},{"@type":"WebSite","@id":"https:\/\/fischer-edelstahlrohre-austria.mediapool.digital\/#website","url":"https:\/\/fischer-edelstahlrohre-austria.mediapool.digital\/","name":"Fischer Edelstahlrohre Austria","description":"Entdecken Sie fischer Edelstahlrohre \u2013 Ihr Partner f\u00fcr hochwertige Edelstahlrohre, innovative L\u00f6sungen und pr\u00e4zise Fertigung. Mit modernsten Technologien, nachhaltigen Prozessen und umfassendem Service setzen wir Ma\u00dfst\u00e4be in Qualit\u00e4t und Zuverl\u00e4ssigkeit. Vertrauen Sie auf unsere Expertise in den Bereichen Automotive, Industrie und Spezialanwendungen. Informieren Sie sich jetzt \u00fcber unsere Produkte, Zertifizierungen und unser Engagement f\u00fcr Umwelt und Gesellschaft.","publisher":{"@id":"https:\/\/fischer-edelstahlrohre-austria.mediapool.digital\/#organization"},"potentialAction":[{"@type":"SearchAction","target":{"@type":"EntryPoint","urlTemplate":"https:\/\/fischer-edelstahlrohre-austria.mediapool.digital\/?s={search_term_string}"},"query-input":{"@type":"PropertyValueSpecification","valueRequired":true,"valueName":"search_term_string"}}],"inLanguage":"en-GB"},{"@type":"Organization","@id":"https:\/\/fischer-edelstahlrohre-austria.mediapool.digital\/#organization","name":"fischer Edelstahlrohre Austria","alternateName":"fischer","url":"https:\/\/fischer-edelstahlrohre-austria.mediapool.digital\/","logo":{"@type":"ImageObject","inLanguage":"en-GB","@id":"https:\/\/fischer-edelstahlrohre-austria.mediapool.digital\/#\/schema\/logo\/image\/","url":"https:\/\/fischer-edelstahlrohre-austria.mediapool.digital\/wp-content\/uploads\/2024\/07\/fischer-logo-weiss.png","contentUrl":"https:\/\/fischer-edelstahlrohre-austria.mediapool.digital\/wp-content\/uploads\/2024\/07\/fischer-logo-weiss.png","width":500,"height":236,"caption":"fischer Edelstahlrohre Austria"},"image":{"@id":"https:\/\/fischer-edelstahlrohre-austria.mediapool.digital\/#\/schema\/logo\/image\/"},"sameAs":["https:\/\/www.facebook.com\/fischerEdelstahlrohreAustria\/","https:\/\/www.instagram.com\/fischergriffen\/"]}]}},"_links":{"self":[{"href":"https:\/\/fischer-edelstahlrohre-austria.mediapool.digital\/en\/wp-json\/wp\/v2\/pages\/86","targetHints":{"allow":["GET"]}}],"collection":[{"href":"https:\/\/fischer-edelstahlrohre-austria.mediapool.digital\/en\/wp-json\/wp\/v2\/pages"}],"about":[{"href":"https:\/\/fischer-edelstahlrohre-austria.mediapool.digital\/en\/wp-json\/wp\/v2\/types\/page"}],"author":[{"embeddable":true,"href":"https:\/\/fischer-edelstahlrohre-austria.mediapool.digital\/en\/wp-json\/wp\/v2\/users\/1"}],"replies":[{"embeddable":true,"href":"https:\/\/fischer-edelstahlrohre-austria.mediapool.digital\/en\/wp-json\/wp\/v2\/comments?post=86"}],"version-history":[{"count":133,"href":"https:\/\/fischer-edelstahlrohre-austria.mediapool.digital\/en\/wp-json\/wp\/v2\/pages\/86\/revisions"}],"predecessor-version":[{"id":3449,"href":"https:\/\/fischer-edelstahlrohre-austria.mediapool.digital\/en\/wp-json\/wp\/v2\/pages\/86\/revisions\/3449"}],"wp:attachment":[{"href":"https:\/\/fischer-edelstahlrohre-austria.mediapool.digital\/en\/wp-json\/wp\/v2\/media?parent=86"}],"curies":[{"name":"wp","href":"https:\/\/api.w.org\/{rel}","templated":true}]}}