{"id":414,"date":"2024-07-11T15:29:40","date_gmt":"2024-07-11T14:29:40","guid":{"rendered":"http:\/\/fischer-edelstahlrohre-austria.mediapool.digital\/?page_id=414"},"modified":"2025-04-02T09:29:12","modified_gmt":"2025-04-02T08:29:12","slug":"product-dimensions","status":"publish","type":"page","link":"https:\/\/fischer-edelstahlrohre-austria.mediapool.digital\/en\/product-dimensions\/","title":{"rendered":"Product Dimensions"},"content":{"rendered":"<div data-elementor-type=\"wp-page\" data-elementor-id=\"414\" class=\"elementor elementor-414\" data-elementor-post-type=\"page\">\n\t\t\t\t<div class=\"elementor-element elementor-element-1b7c70fa e-flex e-con-boxed e-con e-parent\" data-id=\"1b7c70fa\" data-element_type=\"container\" data-e-type=\"container\" data-settings=\"{&quot;background_background&quot;:&quot;classic&quot;}\">\n\t\t\t\t\t<div class=\"e-con-inner\">\n\t\t\t\t\t<\/div>\n\t\t\t\t<\/div>\n\t\t<div class=\"elementor-element elementor-element-177b3bea e-flex e-con-boxed e-con e-parent\" data-id=\"177b3bea\" data-element_type=\"container\" data-e-type=\"container\" data-settings=\"{&quot;background_background&quot;:&quot;classic&quot;}\">\n\t\t\t\t\t<div class=\"e-con-inner\">\n\t\t<div class=\"elementor-element elementor-element-34f579a6 e-con-full e-flex e-con e-child\" data-id=\"34f579a6\" data-element_type=\"container\" data-e-type=\"container\" data-settings=\"{&quot;animation&quot;:&quot;none&quot;}\">\n\t\t\t\t<div class=\"elementor-element elementor-element-73542c11 elementor-widget elementor-widget-heading\" data-id=\"73542c11\" data-element_type=\"widget\" data-e-type=\"widget\" data-settings=\"{&quot;_animation&quot;:&quot;none&quot;,&quot;_animation_delay&quot;:50}\" data-widget_type=\"heading.default\">\n\t\t\t\t<div class=\"elementor-widget-container\">\n\t\t\t\t\t<p class=\"elementor-heading-title elementor-size-default\">what we offer \u2013 Produktabmessungen<\/p>\t\t\t\t<\/div>\n\t\t\t\t<\/div>\n\t\t\t\t<div class=\"elementor-element elementor-element-617661c6 elementor-widget elementor-widget-heading\" data-id=\"617661c6\" data-element_type=\"widget\" data-e-type=\"widget\" data-widget_type=\"heading.default\">\n\t\t\t\t<div class=\"elementor-widget-container\">\n\t\t\t\t\t<h1 class=\"elementor-heading-title elementor-size-default\">Pr\u00e4zision, die zu jeder Anforderungen passt!<\/h1>\t\t\t\t<\/div>\n\t\t\t\t<\/div>\n\t\t\t\t<div class=\"elementor-element elementor-element-3c3d439 elementor-widget elementor-widget-text-editor\" data-id=\"3c3d439\" data-element_type=\"widget\" data-e-type=\"widget\" data-widget_type=\"text-editor.default\">\n\t\t\t\t<div class=\"elementor-widget-container\">\n\t\t\t\t\t\t\t\t\t<p>Unsere Edelstahlrohre sind in einer beeindruckenden Bandbreite von Abmessungen verf\u00fcgbar, um den spezifischen Anforderungen unserer Kunden gerecht zu werden. Ganz gleich, ob es sich um Standardma\u00dfe oder individuelle Spezifikationen handelt, wir liefern die passende L\u00f6sung f\u00fcr Ihre Anwendung. Denn, wir wissen, dass jede Anwendung einzigartige Anforderungen hat \u2013 mit uns erhalten Sie Edelstahlrohre, die optimal zu Ihren Projekten passen. Wir bieten eine vielseitige Auswahl an Abmessungen, die den unterschiedlichsten Branchenanforderungen gerecht werden.<\/p>\t\t\t\t\t\t\t\t<\/div>\n\t\t\t\t<\/div>\n\t\t\t\t<div class=\"elementor-element elementor-element-1d427d40 elementor-widget elementor-widget-text-editor\" data-id=\"1d427d40\" data-element_type=\"widget\" data-e-type=\"widget\" data-widget_type=\"text-editor.default\">\n\t\t\t\t<div class=\"elementor-widget-container\">\n\t\t\t\t\t\t\t\t\t<p><strong>Unsere Dimensionen im \u00dcberblick<\/strong><\/p><ul><li>Durchmesser: Von 6 mm bis 120 mm \u2013 ideal f\u00fcr kleine Pr\u00e4zisionsbauteile bis hin zu gro\u00dfdimensionierten Anwendungen.<\/li><li>Wandst\u00e4rken: Von 0,5 mm bis 3 mm \u2013 f\u00fcr leichte und hochfeste Konstruktionen.<\/li><li>L\u00e4ngen: Standardl\u00e4ngen oder individuell zugeschnittene Zuschnitte \u2013 flexibel und auf den Punkt.<\/li><\/ul><p>F\u00fcr eine vollst\u00e4ndige \u00dcbersicht zu allen verf\u00fcgbaren Abmessungen steht Ihnen unser detaillierter Produktkatalog zum Download bereit.<\/p>\t\t\t\t\t\t\t\t<\/div>\n\t\t\t\t<\/div>\n\t\t\t\t<div class=\"elementor-element elementor-element-5ca818be elementor-widget elementor-widget-button\" data-id=\"5ca818be\" data-element_type=\"widget\" data-e-type=\"widget\" data-widget_type=\"button.default\">\n\t\t\t\t<div class=\"elementor-widget-container\">\n\t\t\t\t\t\t\t\t\t<div class=\"elementor-button-wrapper\">\n\t\t\t\t\t<a class=\"elementor-button elementor-button-link elementor-size-sm\" href=\"#\">\n\t\t\t\t\t\t<span class=\"elementor-button-content-wrapper\">\n\t\t\t\t\t\t\t\t\t<span class=\"elementor-button-text\">Datenblatt downloaden<\/span>\n\t\t\t\t\t<\/span>\n\t\t\t\t\t<\/a>\n\t\t\t\t<\/div>\n\t\t\t\t\t\t\t\t<\/div>\n\t\t\t\t<\/div>\n\t\t\t\t<\/div>\n\t\t<div class=\"elementor-element elementor-element-7550ecf7 e-con-full e-flex e-con e-child\" data-id=\"7550ecf7\" data-element_type=\"container\" data-e-type=\"container\">\n\t\t\t\t<div class=\"elementor-element elementor-element-57822c22 elementor-widget elementor-widget-image\" data-id=\"57822c22\" data-element_type=\"widget\" data-e-type=\"widget\" data-widget_type=\"image.default\">\n\t\t\t\t<div class=\"elementor-widget-container\">\n\t\t\t\t\t\t\t\t\t\t\t\t\t\t\t<img fetchpriority=\"high\" decoding=\"async\" width=\"800\" height=\"534\" src=\"https:\/\/fischer-edelstahlrohre-austria.mediapool.digital\/wp-content\/uploads\/2025\/01\/MG_4988-1024x683.jpg\" class=\"attachment-large size-large wp-image-2439\" alt=\"\" srcset=\"https:\/\/fischer-edelstahlrohre-austria.mediapool.digital\/wp-content\/uploads\/2025\/01\/MG_4988-1024x683.jpg 1024w, https:\/\/fischer-edelstahlrohre-austria.mediapool.digital\/wp-content\/uploads\/2025\/01\/MG_4988-300x200.jpg 300w, https:\/\/fischer-edelstahlrohre-austria.mediapool.digital\/wp-content\/uploads\/2025\/01\/MG_4988-768x512.jpg 768w, https:\/\/fischer-edelstahlrohre-austria.mediapool.digital\/wp-content\/uploads\/2025\/01\/MG_4988-1536x1024.jpg 1536w, https:\/\/fischer-edelstahlrohre-austria.mediapool.digital\/wp-content\/uploads\/2025\/01\/MG_4988.jpg 1920w\" sizes=\"(max-width: 800px) 100vw, 800px\" \/>\t\t\t\t\t\t\t\t\t\t\t\t\t\t\t<\/div>\n\t\t\t\t<\/div>\n\t\t\t\t<div class=\"elementor-element elementor-element-71bcb37b elementor-widget elementor-widget-image\" data-id=\"71bcb37b\" data-element_type=\"widget\" data-e-type=\"widget\" data-widget_type=\"image.default\">\n\t\t\t\t<div class=\"elementor-widget-container\">\n\t\t\t\t\t\t\t\t\t\t\t\t\t\t\t<img decoding=\"async\" width=\"800\" height=\"534\" src=\"https:\/\/fischer-edelstahlrohre-austria.mediapool.digital\/wp-content\/uploads\/2025\/01\/MG_2163-1024x683.jpg\" class=\"attachment-large size-large wp-image-1536\" alt=\"\" srcset=\"https:\/\/fischer-edelstahlrohre-austria.mediapool.digital\/wp-content\/uploads\/2025\/01\/MG_2163-1024x683.jpg 1024w, https:\/\/fischer-edelstahlrohre-austria.mediapool.digital\/wp-content\/uploads\/2025\/01\/MG_2163-300x200.jpg 300w, https:\/\/fischer-edelstahlrohre-austria.mediapool.digital\/wp-content\/uploads\/2025\/01\/MG_2163-768x512.jpg 768w, https:\/\/fischer-edelstahlrohre-austria.mediapool.digital\/wp-content\/uploads\/2025\/01\/MG_2163-1536x1024.jpg 1536w, https:\/\/fischer-edelstahlrohre-austria.mediapool.digital\/wp-content\/uploads\/2025\/01\/MG_2163-2048x1365.jpg 2048w\" sizes=\"(max-width: 800px) 100vw, 800px\" \/>\t\t\t\t\t\t\t\t\t\t\t\t\t\t\t<\/div>\n\t\t\t\t<\/div>\n\t\t\t\t<\/div>\n\t\t\t\t\t<\/div>\n\t\t\t\t<\/div>\n\t\t<div class=\"elementor-element elementor-element-56654d5 e-flex e-con-boxed e-con e-parent\" data-id=\"56654d5\" data-element_type=\"container\" data-e-type=\"container\">\n\t\t\t\t\t<div class=\"e-con-inner\">\n\t\t\t\t<div class=\"elementor-element elementor-element-757a3b0 elementor-widget elementor-widget-template\" data-id=\"757a3b0\" data-element_type=\"widget\" data-e-type=\"widget\" data-widget_type=\"template.default\">\n\t\t\t\t<div class=\"elementor-widget-container\">\n\t\t\t\t\t\t\t<div class=\"elementor-template\">\n\t\t\t\t\t<div data-elementor-type=\"container\" data-elementor-id=\"2649\" class=\"elementor elementor-2649\" data-elementor-post-type=\"elementor_library\">\n\t\t\t\t<div class=\"elementor-element elementor-element-161cb09a e-flex e-con-boxed e-con e-parent\" data-id=\"161cb09a\" data-element_type=\"container\" data-e-type=\"container\">\n\t\t\t\t\t<div class=\"e-con-inner\">\n\t\t<div class=\"elementor-element elementor-element-7ec789ae e-con-full e-flex e-con e-child\" data-id=\"7ec789ae\" data-element_type=\"container\" data-e-type=\"container\" data-settings=\"{&quot;background_background&quot;:&quot;classic&quot;}\">\n\t\t\t\t<div class=\"elementor-element elementor-element-5c7a2f34 elementor-widget__width-initial elementor-widget elementor-widget-image\" data-id=\"5c7a2f34\" data-element_type=\"widget\" data-e-type=\"widget\" data-widget_type=\"image.default\">\n\t\t\t\t<div class=\"elementor-widget-container\">\n\t\t\t\t\t\t\t\t\t\t\t\t\t\t\t<img decoding=\"async\" width=\"300\" height=\"300\" src=\"https:\/\/fischer-edelstahlrohre-austria.mediapool.digital\/wp-content\/uploads\/2025\/02\/Stefan-Korb-300x300.jpg\" class=\"attachment-medium size-medium wp-image-2644\" alt=\"\" srcset=\"https:\/\/fischer-edelstahlrohre-austria.mediapool.digital\/wp-content\/uploads\/2025\/02\/Stefan-Korb-300x300.jpg 300w, https:\/\/fischer-edelstahlrohre-austria.mediapool.digital\/wp-content\/uploads\/2025\/02\/Stefan-Korb-1024x1024.jpg 1024w, https:\/\/fischer-edelstahlrohre-austria.mediapool.digital\/wp-content\/uploads\/2025\/02\/Stefan-Korb-150x150.jpg 150w, https:\/\/fischer-edelstahlrohre-austria.mediapool.digital\/wp-content\/uploads\/2025\/02\/Stefan-Korb-768x768.jpg 768w, https:\/\/fischer-edelstahlrohre-austria.mediapool.digital\/wp-content\/uploads\/2025\/02\/Stefan-Korb-1536x1536.jpg 1536w, https:\/\/fischer-edelstahlrohre-austria.mediapool.digital\/wp-content\/uploads\/2025\/02\/Stefan-Korb.jpg 1720w\" sizes=\"(max-width: 300px) 100vw, 300px\" \/>\t\t\t\t\t\t\t\t\t\t\t\t\t\t\t<\/div>\n\t\t\t\t<\/div>\n\t\t<div class=\"elementor-element elementor-element-19bb87f4 e-con-full e-flex e-con e-child\" data-id=\"19bb87f4\" data-element_type=\"container\" data-e-type=\"container\">\n\t\t\t\t<div class=\"elementor-element elementor-element-4960ec66 elementor-widget__width-initial elementor-widget elementor-widget-heading\" data-id=\"4960ec66\" data-element_type=\"widget\" data-e-type=\"widget\" data-widget_type=\"heading.default\">\n\t\t\t\t<div class=\"elementor-widget-container\">\n\t\t\t\t\t<h2 class=\"elementor-heading-title elementor-size-default\">Lassen Sie uns gemeinsam die perfekte L\u00f6sung f\u00fcr Ihr Projekt finden!<\/h2>\t\t\t\t<\/div>\n\t\t\t\t<\/div>\n\t\t\t\t<div class=\"elementor-element elementor-element-2321fa08 elementor-widget elementor-widget-text-editor\" data-id=\"2321fa08\" data-element_type=\"widget\" data-e-type=\"widget\" data-widget_type=\"text-editor.default\">\n\t\t\t\t<div class=\"elementor-widget-container\">\n\t\t\t\t\t\t\t\t\t<div class=\"contact_name\"><strong>Stefan Korb<\/strong><\/div><div class=\"contact_position\">Leiter Vertrieb\/Logistik und Prokurist<\/div><div>\u00a0<\/div><div class=\"contact_telephone\"><span class=\"contact-lable\"><strong>Phone:<\/strong> <\/span>+43 4233 5103-27<\/div><div class=\"contact_email\"><div><strong>Mail:<\/strong> stefan.korb@fischer-group.com<\/div><\/div>\t\t\t\t\t\t\t\t<\/div>\n\t\t\t\t<\/div>\n\t\t\t\t<\/div>\n\t\t\t\t<\/div>\n\t\t\t\t\t<\/div>\n\t\t\t\t<\/div>\n\t\t\t\t<\/div>\n\t\t\t\t<\/div>\n\t\t\t\t\t\t<\/div>\n\t\t\t\t<\/div>\n\t\t\t\t\t<\/div>\n\t\t\t\t<\/div>\n\t\t\t\t<\/div>","protected":false},"excerpt":{"rendered":"<p>what we offer \u2013 Produktabmessungen Pr\u00e4zision, die zu jeder Anforderungen passt! Unsere Edelstahlrohre sind in einer beeindruckenden Bandbreite von Abmessungen verf\u00fcgbar, um den spezifischen Anforderungen unserer Kunden gerecht zu werden. Ganz gleich, ob es sich um Standardma\u00dfe oder individuelle Spezifikationen handelt, wir liefern die passende L\u00f6sung f\u00fcr Ihre Anwendung. Denn, wir wissen, dass jede Anwendung [&hellip;]<\/p>\n","protected":false},"author":1,"featured_media":0,"parent":0,"menu_order":0,"comment_status":"closed","ping_status":"closed","template":"","meta":{"footnotes":""},"class_list":["post-414","page","type-page","status-publish","hentry"],"yoast_head":"<!-- This site is optimized with the Yoast SEO plugin v27.4 - https:\/\/yoast.com\/product\/yoast-seo-wordpress\/ -->\n<title>Product Dimensions - Fischer Edelstahlrohre Austria<\/title>\n<meta name=\"robots\" content=\"noindex, follow, max-snippet:-1, max-image-preview:large, max-video-preview:-1\" \/>\n<meta property=\"og:locale\" content=\"en_GB\" \/>\n<meta property=\"og:type\" content=\"article\" \/>\n<meta property=\"og:title\" content=\"Product Dimensions - Fischer Edelstahlrohre Austria\" \/>\n<meta property=\"og:description\" content=\"what we offer \u2013 Produktabmessungen Pr\u00e4zision, die zu jeder Anforderungen passt! Unsere Edelstahlrohre sind in einer beeindruckenden Bandbreite von Abmessungen verf\u00fcgbar, um den spezifischen Anforderungen unserer Kunden gerecht zu werden. Ganz gleich, ob es sich um Standardma\u00dfe oder individuelle Spezifikationen handelt, wir liefern die passende L\u00f6sung f\u00fcr Ihre Anwendung. Denn, wir wissen, dass jede Anwendung [&hellip;]\" \/>\n<meta property=\"og:url\" content=\"https:\/\/fischer-edelstahlrohre-austria.mediapool.digital\/en\/product-dimensions\/\" \/>\n<meta property=\"og:site_name\" content=\"Fischer Edelstahlrohre Austria\" \/>\n<meta property=\"article:publisher\" content=\"https:\/\/www.facebook.com\/fischerEdelstahlrohreAustria\/\" \/>\n<meta property=\"article:modified_time\" content=\"2025-04-02T08:29:12+00:00\" \/>\n<meta property=\"og:image\" content=\"https:\/\/fischer-edelstahlrohre-austria.mediapool.digital\/wp-content\/uploads\/2025\/01\/MG_4988.jpg\" \/>\n\t<meta property=\"og:image:width\" content=\"1920\" \/>\n\t<meta property=\"og:image:height\" content=\"1280\" \/>\n\t<meta property=\"og:image:type\" content=\"image\/jpeg\" \/>\n<meta name=\"twitter:card\" content=\"summary_large_image\" \/>\n<meta name=\"twitter:label1\" content=\"Estimated reading time\" \/>\n\t<meta name=\"twitter:data1\" content=\"2 minutes\" \/>\n<script type=\"application\/ld+json\" class=\"yoast-schema-graph\">{\"@context\":\"https:\\\/\\\/schema.org\",\"@graph\":[{\"@type\":\"WebPage\",\"@id\":\"https:\\\/\\\/fischer-edelstahlrohre-austria.mediapool.digital\\\/product-dimensions\\\/\",\"url\":\"https:\\\/\\\/fischer-edelstahlrohre-austria.mediapool.digital\\\/product-dimensions\\\/\",\"name\":\"Product Dimensions - Fischer Edelstahlrohre Austria\",\"isPartOf\":{\"@id\":\"https:\\\/\\\/fischer-edelstahlrohre-austria.mediapool.digital\\\/#website\"},\"primaryImageOfPage\":{\"@id\":\"https:\\\/\\\/fischer-edelstahlrohre-austria.mediapool.digital\\\/product-dimensions\\\/#primaryimage\"},\"image\":{\"@id\":\"https:\\\/\\\/fischer-edelstahlrohre-austria.mediapool.digital\\\/product-dimensions\\\/#primaryimage\"},\"thumbnailUrl\":\"https:\\\/\\\/fischer-edelstahlrohre-austria.mediapool.digital\\\/wp-content\\\/uploads\\\/2025\\\/01\\\/MG_4988-1024x683.jpg\",\"datePublished\":\"2024-07-11T14:29:40+00:00\",\"dateModified\":\"2025-04-02T08:29:12+00:00\",\"breadcrumb\":{\"@id\":\"https:\\\/\\\/fischer-edelstahlrohre-austria.mediapool.digital\\\/product-dimensions\\\/#breadcrumb\"},\"inLanguage\":\"en-GB\",\"potentialAction\":[{\"@type\":\"ReadAction\",\"target\":[\"https:\\\/\\\/fischer-edelstahlrohre-austria.mediapool.digital\\\/product-dimensions\\\/\"]}]},{\"@type\":\"ImageObject\",\"inLanguage\":\"en-GB\",\"@id\":\"https:\\\/\\\/fischer-edelstahlrohre-austria.mediapool.digital\\\/product-dimensions\\\/#primaryimage\",\"url\":\"https:\\\/\\\/fischer-edelstahlrohre-austria.mediapool.digital\\\/wp-content\\\/uploads\\\/2025\\\/01\\\/MG_4988-1024x683.jpg\",\"contentUrl\":\"https:\\\/\\\/fischer-edelstahlrohre-austria.mediapool.digital\\\/wp-content\\\/uploads\\\/2025\\\/01\\\/MG_4988-1024x683.jpg\"},{\"@type\":\"BreadcrumbList\",\"@id\":\"https:\\\/\\\/fischer-edelstahlrohre-austria.mediapool.digital\\\/product-dimensions\\\/#breadcrumb\",\"itemListElement\":[{\"@type\":\"ListItem\",\"position\":1,\"name\":\"Home\",\"item\":\"https:\\\/\\\/fischer-edelstahlrohre-austria.mediapool.digital\\\/\"},{\"@type\":\"ListItem\",\"position\":2,\"name\":\"Product Dimensions\"}]},{\"@type\":\"WebSite\",\"@id\":\"https:\\\/\\\/fischer-edelstahlrohre-austria.mediapool.digital\\\/#website\",\"url\":\"https:\\\/\\\/fischer-edelstahlrohre-austria.mediapool.digital\\\/\",\"name\":\"Fischer Edelstahlrohre Austria\",\"description\":\"Entdecken Sie fischer Edelstahlrohre \u2013 Ihr Partner f\u00fcr hochwertige Edelstahlrohre, innovative L\u00f6sungen und pr\u00e4zise Fertigung. Mit modernsten Technologien, nachhaltigen Prozessen und umfassendem Service setzen wir Ma\u00dfst\u00e4be in Qualit\u00e4t und Zuverl\u00e4ssigkeit. Vertrauen Sie auf unsere Expertise in den Bereichen Automotive, Industrie und Spezialanwendungen. Informieren Sie sich jetzt \u00fcber unsere Produkte, Zertifizierungen und unser Engagement f\u00fcr Umwelt und Gesellschaft.\",\"publisher\":{\"@id\":\"https:\\\/\\\/fischer-edelstahlrohre-austria.mediapool.digital\\\/#organization\"},\"potentialAction\":[{\"@type\":\"SearchAction\",\"target\":{\"@type\":\"EntryPoint\",\"urlTemplate\":\"https:\\\/\\\/fischer-edelstahlrohre-austria.mediapool.digital\\\/?s={search_term_string}\"},\"query-input\":{\"@type\":\"PropertyValueSpecification\",\"valueRequired\":true,\"valueName\":\"search_term_string\"}}],\"inLanguage\":\"en-GB\"},{\"@type\":\"Organization\",\"@id\":\"https:\\\/\\\/fischer-edelstahlrohre-austria.mediapool.digital\\\/#organization\",\"name\":\"fischer Edelstahlrohre Austria\",\"alternateName\":\"fischer\",\"url\":\"https:\\\/\\\/fischer-edelstahlrohre-austria.mediapool.digital\\\/\",\"logo\":{\"@type\":\"ImageObject\",\"inLanguage\":\"en-GB\",\"@id\":\"https:\\\/\\\/fischer-edelstahlrohre-austria.mediapool.digital\\\/#\\\/schema\\\/logo\\\/image\\\/\",\"url\":\"https:\\\/\\\/fischer-edelstahlrohre-austria.mediapool.digital\\\/wp-content\\\/uploads\\\/2024\\\/07\\\/fischer-logo-weiss.png\",\"contentUrl\":\"https:\\\/\\\/fischer-edelstahlrohre-austria.mediapool.digital\\\/wp-content\\\/uploads\\\/2024\\\/07\\\/fischer-logo-weiss.png\",\"width\":500,\"height\":236,\"caption\":\"fischer Edelstahlrohre Austria\"},\"image\":{\"@id\":\"https:\\\/\\\/fischer-edelstahlrohre-austria.mediapool.digital\\\/#\\\/schema\\\/logo\\\/image\\\/\"},\"sameAs\":[\"https:\\\/\\\/www.facebook.com\\\/fischerEdelstahlrohreAustria\\\/\",\"https:\\\/\\\/www.instagram.com\\\/fischergriffen\\\/\"]}]}<\/script>\n<!-- \/ Yoast SEO plugin. -->","yoast_head_json":{"title":"Product Dimensions - Fischer Edelstahlrohre Austria","robots":{"index":"noindex","follow":"follow","max-snippet":"max-snippet:-1","max-image-preview":"max-image-preview:large","max-video-preview":"max-video-preview:-1"},"og_locale":"en_GB","og_type":"article","og_title":"Product Dimensions - Fischer Edelstahlrohre Austria","og_description":"what we offer \u2013 Produktabmessungen Pr\u00e4zision, die zu jeder Anforderungen passt! Unsere Edelstahlrohre sind in einer beeindruckenden Bandbreite von Abmessungen verf\u00fcgbar, um den spezifischen Anforderungen unserer Kunden gerecht zu werden. Ganz gleich, ob es sich um Standardma\u00dfe oder individuelle Spezifikationen handelt, wir liefern die passende L\u00f6sung f\u00fcr Ihre Anwendung. Denn, wir wissen, dass jede Anwendung [&hellip;]","og_url":"https:\/\/fischer-edelstahlrohre-austria.mediapool.digital\/en\/product-dimensions\/","og_site_name":"Fischer Edelstahlrohre Austria","article_publisher":"https:\/\/www.facebook.com\/fischerEdelstahlrohreAustria\/","article_modified_time":"2025-04-02T08:29:12+00:00","og_image":[{"width":1920,"height":1280,"url":"https:\/\/fischer-edelstahlrohre-austria.mediapool.digital\/wp-content\/uploads\/2025\/01\/MG_4988.jpg","type":"image\/jpeg"}],"twitter_card":"summary_large_image","twitter_misc":{"Estimated reading time":"2 minutes"},"schema":{"@context":"https:\/\/schema.org","@graph":[{"@type":"WebPage","@id":"https:\/\/fischer-edelstahlrohre-austria.mediapool.digital\/product-dimensions\/","url":"https:\/\/fischer-edelstahlrohre-austria.mediapool.digital\/product-dimensions\/","name":"Product Dimensions - Fischer Edelstahlrohre Austria","isPartOf":{"@id":"https:\/\/fischer-edelstahlrohre-austria.mediapool.digital\/#website"},"primaryImageOfPage":{"@id":"https:\/\/fischer-edelstahlrohre-austria.mediapool.digital\/product-dimensions\/#primaryimage"},"image":{"@id":"https:\/\/fischer-edelstahlrohre-austria.mediapool.digital\/product-dimensions\/#primaryimage"},"thumbnailUrl":"https:\/\/fischer-edelstahlrohre-austria.mediapool.digital\/wp-content\/uploads\/2025\/01\/MG_4988-1024x683.jpg","datePublished":"2024-07-11T14:29:40+00:00","dateModified":"2025-04-02T08:29:12+00:00","breadcrumb":{"@id":"https:\/\/fischer-edelstahlrohre-austria.mediapool.digital\/product-dimensions\/#breadcrumb"},"inLanguage":"en-GB","potentialAction":[{"@type":"ReadAction","target":["https:\/\/fischer-edelstahlrohre-austria.mediapool.digital\/product-dimensions\/"]}]},{"@type":"ImageObject","inLanguage":"en-GB","@id":"https:\/\/fischer-edelstahlrohre-austria.mediapool.digital\/product-dimensions\/#primaryimage","url":"https:\/\/fischer-edelstahlrohre-austria.mediapool.digital\/wp-content\/uploads\/2025\/01\/MG_4988-1024x683.jpg","contentUrl":"https:\/\/fischer-edelstahlrohre-austria.mediapool.digital\/wp-content\/uploads\/2025\/01\/MG_4988-1024x683.jpg"},{"@type":"BreadcrumbList","@id":"https:\/\/fischer-edelstahlrohre-austria.mediapool.digital\/product-dimensions\/#breadcrumb","itemListElement":[{"@type":"ListItem","position":1,"name":"Home","item":"https:\/\/fischer-edelstahlrohre-austria.mediapool.digital\/"},{"@type":"ListItem","position":2,"name":"Product Dimensions"}]},{"@type":"WebSite","@id":"https:\/\/fischer-edelstahlrohre-austria.mediapool.digital\/#website","url":"https:\/\/fischer-edelstahlrohre-austria.mediapool.digital\/","name":"Fischer Edelstahlrohre Austria","description":"Entdecken Sie fischer Edelstahlrohre \u2013 Ihr Partner f\u00fcr hochwertige Edelstahlrohre, innovative L\u00f6sungen und pr\u00e4zise Fertigung. Mit modernsten Technologien, nachhaltigen Prozessen und umfassendem Service setzen wir Ma\u00dfst\u00e4be in Qualit\u00e4t und Zuverl\u00e4ssigkeit. Vertrauen Sie auf unsere Expertise in den Bereichen Automotive, Industrie und Spezialanwendungen. Informieren Sie sich jetzt \u00fcber unsere Produkte, Zertifizierungen und unser Engagement f\u00fcr Umwelt und Gesellschaft.","publisher":{"@id":"https:\/\/fischer-edelstahlrohre-austria.mediapool.digital\/#organization"},"potentialAction":[{"@type":"SearchAction","target":{"@type":"EntryPoint","urlTemplate":"https:\/\/fischer-edelstahlrohre-austria.mediapool.digital\/?s={search_term_string}"},"query-input":{"@type":"PropertyValueSpecification","valueRequired":true,"valueName":"search_term_string"}}],"inLanguage":"en-GB"},{"@type":"Organization","@id":"https:\/\/fischer-edelstahlrohre-austria.mediapool.digital\/#organization","name":"fischer Edelstahlrohre Austria","alternateName":"fischer","url":"https:\/\/fischer-edelstahlrohre-austria.mediapool.digital\/","logo":{"@type":"ImageObject","inLanguage":"en-GB","@id":"https:\/\/fischer-edelstahlrohre-austria.mediapool.digital\/#\/schema\/logo\/image\/","url":"https:\/\/fischer-edelstahlrohre-austria.mediapool.digital\/wp-content\/uploads\/2024\/07\/fischer-logo-weiss.png","contentUrl":"https:\/\/fischer-edelstahlrohre-austria.mediapool.digital\/wp-content\/uploads\/2024\/07\/fischer-logo-weiss.png","width":500,"height":236,"caption":"fischer Edelstahlrohre Austria"},"image":{"@id":"https:\/\/fischer-edelstahlrohre-austria.mediapool.digital\/#\/schema\/logo\/image\/"},"sameAs":["https:\/\/www.facebook.com\/fischerEdelstahlrohreAustria\/","https:\/\/www.instagram.com\/fischergriffen\/"]}]}},"_links":{"self":[{"href":"https:\/\/fischer-edelstahlrohre-austria.mediapool.digital\/en\/wp-json\/wp\/v2\/pages\/414","targetHints":{"allow":["GET"]}}],"collection":[{"href":"https:\/\/fischer-edelstahlrohre-austria.mediapool.digital\/en\/wp-json\/wp\/v2\/pages"}],"about":[{"href":"https:\/\/fischer-edelstahlrohre-austria.mediapool.digital\/en\/wp-json\/wp\/v2\/types\/page"}],"author":[{"embeddable":true,"href":"https:\/\/fischer-edelstahlrohre-austria.mediapool.digital\/en\/wp-json\/wp\/v2\/users\/1"}],"replies":[{"embeddable":true,"href":"https:\/\/fischer-edelstahlrohre-austria.mediapool.digital\/en\/wp-json\/wp\/v2\/comments?post=414"}],"version-history":[{"count":44,"href":"https:\/\/fischer-edelstahlrohre-austria.mediapool.digital\/en\/wp-json\/wp\/v2\/pages\/414\/revisions"}],"predecessor-version":[{"id":3427,"href":"https:\/\/fischer-edelstahlrohre-austria.mediapool.digital\/en\/wp-json\/wp\/v2\/pages\/414\/revisions\/3427"}],"wp:attachment":[{"href":"https:\/\/fischer-edelstahlrohre-austria.mediapool.digital\/en\/wp-json\/wp\/v2\/media?parent=414"}],"curies":[{"name":"wp","href":"https:\/\/api.w.org\/{rel}","templated":true}]}}