{"id":3275,"date":"2025-02-25T22:58:27","date_gmt":"2025-02-25T21:58:27","guid":{"rendered":"http:\/\/fischer-edelstahlrohre-austria.mediapool.digital\/?page_id=3275"},"modified":"2025-10-08T15:32:16","modified_gmt":"2025-10-08T14:32:16","slug":"contact","status":"publish","type":"page","link":"https:\/\/fischer-edelstahlrohre-austria.mediapool.digital\/en\/contact\/","title":{"rendered":"Kontakt"},"content":{"rendered":"<div data-elementor-type=\"wp-page\" data-elementor-id=\"3275\" class=\"elementor elementor-3275\" data-elementor-post-type=\"page\">\n\t\t\t\t<div class=\"elementor-element elementor-element-5b3ee86 e-flex e-con-boxed e-con e-parent\" data-id=\"5b3ee86\" data-element_type=\"container\" data-e-type=\"container\" data-settings=\"{&quot;background_background&quot;:&quot;classic&quot;}\">\n\t\t\t\t\t<div class=\"e-con-inner\">\n\t\t\t\t\t<\/div>\n\t\t\t\t<\/div>\n\t\t<div class=\"elementor-element elementor-element-2c430d7 e-flex e-con-boxed e-con e-parent\" data-id=\"2c430d7\" data-element_type=\"container\" data-e-type=\"container\" data-settings=\"{&quot;background_background&quot;:&quot;classic&quot;}\">\n\t\t\t\t\t<div class=\"e-con-inner\">\n\t\t<div class=\"elementor-element elementor-element-4951c35 e-con-full e-flex e-con e-child\" data-id=\"4951c35\" data-element_type=\"container\" data-e-type=\"container\" data-settings=\"{&quot;animation&quot;:&quot;none&quot;}\">\n\t\t\t\t<div class=\"elementor-element elementor-element-a8aabb9 elementor-widget elementor-widget-heading\" data-id=\"a8aabb9\" data-element_type=\"widget\" data-e-type=\"widget\" data-settings=\"{&quot;_animation&quot;:&quot;none&quot;,&quot;_animation_delay&quot;:50}\" data-widget_type=\"heading.default\">\n\t\t\t\t<div class=\"elementor-widget-container\">\n\t\t\t\t\t<h1 class=\"elementor-heading-title elementor-size-default\">Kontakt<\/h1>\t\t\t\t<\/div>\n\t\t\t\t<\/div>\n\t\t\t\t<div class=\"elementor-element elementor-element-e4b33c0 elementor-widget elementor-widget-heading\" data-id=\"e4b33c0\" data-element_type=\"widget\" data-e-type=\"widget\" data-widget_type=\"heading.default\">\n\t\t\t\t<div class=\"elementor-widget-container\">\n\t\t\t\t\t<h1 class=\"elementor-heading-title elementor-size-default\">Sprechen Sie mit uns<\/h1>\t\t\t\t<\/div>\n\t\t\t\t<\/div>\n\t\t\t\t<div class=\"elementor-element elementor-element-44365c1 elementor-widget elementor-widget-text-editor\" data-id=\"44365c1\" data-element_type=\"widget\" data-e-type=\"widget\" data-widget_type=\"text-editor.default\">\n\t\t\t\t<div class=\"elementor-widget-container\">\n\t\t\t\t\t\t\t\t\t<div class=\"branch_company\"><strong>fischer Edelstahlrohre Austria GmbH<\/strong><\/div><div class=\"branch_adress\">Gewerbestra\u00dfe 4<br \/>9112 Griffen<\/div><div>\u00a0<\/div><div class=\"branch_adress\">Tel:+43 4233 5103-0<br \/>E-Mail: sales-at@fischer-group.com<\/div>\t\t\t\t\t\t\t\t<\/div>\n\t\t\t\t<\/div>\n\t\t\t\t<\/div>\n\t\t\t\t\t<\/div>\n\t\t\t\t<\/div>\n\t\t<div class=\"elementor-element elementor-element-863a068 e-flex e-con-boxed e-con e-parent\" data-id=\"863a068\" data-element_type=\"container\" data-e-type=\"container\">\n\t\t\t\t\t<div class=\"e-con-inner\">\n\t\t<div class=\"elementor-element elementor-element-ed01c41 e-con-full e-flex e-con e-child\" data-id=\"ed01c41\" data-element_type=\"container\" data-e-type=\"container\" data-settings=\"{&quot;background_background&quot;:&quot;classic&quot;}\">\n\t\t\t\t<div class=\"elementor-element elementor-element-63384c1 elementor-widget__width-initial elementor-widget elementor-widget-image\" data-id=\"63384c1\" data-element_type=\"widget\" data-e-type=\"widget\" data-widget_type=\"image.default\">\n\t\t\t\t<div class=\"elementor-widget-container\">\n\t\t\t\t\t\t\t\t\t\t\t\t\t\t\t<img fetchpriority=\"high\" decoding=\"async\" width=\"300\" height=\"300\" src=\"https:\/\/fischer-edelstahlrohre-austria.mediapool.digital\/wp-content\/uploads\/2025\/02\/Paar-3-1-300x300.jpg\" class=\"attachment-medium size-medium wp-image-3285\" alt=\"\" srcset=\"https:\/\/fischer-edelstahlrohre-austria.mediapool.digital\/wp-content\/uploads\/2025\/02\/Paar-3-1-300x300.jpg 300w, https:\/\/fischer-edelstahlrohre-austria.mediapool.digital\/wp-content\/uploads\/2025\/02\/Paar-3-1-150x150.jpg 150w, https:\/\/fischer-edelstahlrohre-austria.mediapool.digital\/wp-content\/uploads\/2025\/02\/Paar-3-1.jpg 643w\" sizes=\"(max-width: 300px) 100vw, 300px\" \/>\t\t\t\t\t\t\t\t\t\t\t\t\t\t\t<\/div>\n\t\t\t\t<\/div>\n\t\t\t\t<div class=\"elementor-element elementor-element-f9e380e elementor-widget elementor-widget-text-editor\" data-id=\"f9e380e\" data-element_type=\"widget\" data-e-type=\"widget\" data-widget_type=\"text-editor.default\">\n\t\t\t\t<div class=\"elementor-widget-container\">\n\t\t\t\t\t\t\t\t\t<div class=\"contact_name\"><strong>DI Dr. Heinz Paar<\/strong><\/div><div class=\"contact_position\">Gesch\u00e4ftsf\u00fchrer<\/div><div>\u00a0<\/div><div class=\"contact_telephone\"><span class=\"contact-lable\"><strong>Phone:<\/strong> <\/span>+43 4233 5103-12<\/div><div class=\"contact_email\"><div><strong>Mail:<\/strong> heinz.paar@fischer-group.com<\/div><\/div>\t\t\t\t\t\t\t\t<\/div>\n\t\t\t\t<\/div>\n\t\t\t\t<\/div>\n\t\t\t\t\t<\/div>\n\t\t\t\t<\/div>\n\t\t<div class=\"elementor-element elementor-element-0a82681 e-flex e-con-boxed e-con e-parent\" data-id=\"0a82681\" data-element_type=\"container\" data-e-type=\"container\">\n\t\t\t\t\t<div class=\"e-con-inner\">\n\t\t<div class=\"elementor-element elementor-element-233ae28 e-con-full e-flex e-con e-child\" data-id=\"233ae28\" data-element_type=\"container\" data-e-type=\"container\" data-settings=\"{&quot;background_background&quot;:&quot;classic&quot;}\">\n\t\t\t\t<div class=\"elementor-element elementor-element-61cd765 elementor-widget__width-initial elementor-widget elementor-widget-image\" data-id=\"61cd765\" data-element_type=\"widget\" data-e-type=\"widget\" data-widget_type=\"image.default\">\n\t\t\t\t<div class=\"elementor-widget-container\">\n\t\t\t\t\t\t\t\t\t\t\t\t\t\t\t<img decoding=\"async\" width=\"300\" height=\"300\" src=\"https:\/\/fischer-edelstahlrohre-austria.mediapool.digital\/wp-content\/uploads\/2025\/02\/Stefan-Korb-300x300.jpg\" class=\"attachment-medium size-medium wp-image-2644\" alt=\"\" srcset=\"https:\/\/fischer-edelstahlrohre-austria.mediapool.digital\/wp-content\/uploads\/2025\/02\/Stefan-Korb-300x300.jpg 300w, https:\/\/fischer-edelstahlrohre-austria.mediapool.digital\/wp-content\/uploads\/2025\/02\/Stefan-Korb-1024x1024.jpg 1024w, https:\/\/fischer-edelstahlrohre-austria.mediapool.digital\/wp-content\/uploads\/2025\/02\/Stefan-Korb-150x150.jpg 150w, https:\/\/fischer-edelstahlrohre-austria.mediapool.digital\/wp-content\/uploads\/2025\/02\/Stefan-Korb-768x768.jpg 768w, https:\/\/fischer-edelstahlrohre-austria.mediapool.digital\/wp-content\/uploads\/2025\/02\/Stefan-Korb-1536x1536.jpg 1536w, https:\/\/fischer-edelstahlrohre-austria.mediapool.digital\/wp-content\/uploads\/2025\/02\/Stefan-Korb.jpg 1720w\" sizes=\"(max-width: 300px) 100vw, 300px\" \/>\t\t\t\t\t\t\t\t\t\t\t\t\t\t\t<\/div>\n\t\t\t\t<\/div>\n\t\t\t\t<div class=\"elementor-element elementor-element-21bca89 elementor-widget elementor-widget-text-editor\" data-id=\"21bca89\" data-element_type=\"widget\" data-e-type=\"widget\" data-widget_type=\"text-editor.default\">\n\t\t\t\t<div class=\"elementor-widget-container\">\n\t\t\t\t\t\t\t\t\t<div class=\"contact_name\"><strong>Ing. Mag.(FH) Stefan Korb<\/strong><\/div><div class=\"contact_position\">Leiter Vertrieb \/ Logistik, Prokurist<\/div><div class=\"contact_position\">\u00a0<\/div><div class=\"contact_telephone\"><span class=\"contact-lable\"><strong>Phone:<\/strong> <\/span>+43 4233 5103-27<\/div><div class=\"contact_email\"><div><strong>Mail:<\/strong> stefan.korb@fischer-group.com<\/div><\/div>\t\t\t\t\t\t\t\t<\/div>\n\t\t\t\t<\/div>\n\t\t\t\t<\/div>\n\t\t\t\t\t<\/div>\n\t\t\t\t<\/div>\n\t\t<div class=\"elementor-element elementor-element-b14bd50 e-flex e-con-boxed e-con e-parent\" data-id=\"b14bd50\" data-element_type=\"container\" data-e-type=\"container\">\n\t\t\t\t\t<div class=\"e-con-inner\">\n\t\t<div class=\"elementor-element elementor-element-df3e499 e-con-full e-flex e-con e-child\" data-id=\"df3e499\" data-element_type=\"container\" data-e-type=\"container\" data-settings=\"{&quot;background_background&quot;:&quot;classic&quot;}\">\n\t\t\t\t<div class=\"elementor-element elementor-element-0ad1d2c elementor-widget__width-initial elementor-widget elementor-widget-image\" data-id=\"0ad1d2c\" data-element_type=\"widget\" data-e-type=\"widget\" data-widget_type=\"image.default\">\n\t\t\t\t<div class=\"elementor-widget-container\">\n\t\t\t\t\t\t\t\t\t\t\t\t\t\t\t<img decoding=\"async\" width=\"300\" height=\"300\" src=\"https:\/\/fischer-edelstahlrohre-austria.mediapool.digital\/wp-content\/uploads\/2025\/01\/Weinold-1-300x300.jpg\" class=\"attachment-medium size-medium wp-image-2402\" alt=\"\" srcset=\"https:\/\/fischer-edelstahlrohre-austria.mediapool.digital\/wp-content\/uploads\/2025\/01\/Weinold-1-300x300.jpg 300w, https:\/\/fischer-edelstahlrohre-austria.mediapool.digital\/wp-content\/uploads\/2025\/01\/Weinold-1-1024x1024.jpg 1024w, https:\/\/fischer-edelstahlrohre-austria.mediapool.digital\/wp-content\/uploads\/2025\/01\/Weinold-1-150x150.jpg 150w, https:\/\/fischer-edelstahlrohre-austria.mediapool.digital\/wp-content\/uploads\/2025\/01\/Weinold-1-768x768.jpg 768w, https:\/\/fischer-edelstahlrohre-austria.mediapool.digital\/wp-content\/uploads\/2025\/01\/Weinold-1.jpg 1280w\" sizes=\"(max-width: 300px) 100vw, 300px\" \/>\t\t\t\t\t\t\t\t\t\t\t\t\t\t\t<\/div>\n\t\t\t\t<\/div>\n\t\t\t\t<div class=\"elementor-element elementor-element-9ac9589 elementor-widget elementor-widget-text-editor\" data-id=\"9ac9589\" data-element_type=\"widget\" data-e-type=\"widget\" data-widget_type=\"text-editor.default\">\n\t\t\t\t<div class=\"elementor-widget-container\">\n\t\t\t\t\t\t\t\t\t<div class=\"contact_name\"><strong>Ing. Mag. Christian Weinold<\/strong><\/div><div class=\"contact_position\">Programm-Manager, Prokurist<\/div><div class=\"contact_position\">\u00a0<\/div><div class=\"contact_telephone\"><span class=\"contact-lable\"><strong>Phone:<\/strong> <\/span>+43 4233 5103-627<\/div><div class=\"contact_email\"><div><strong>Mail:<\/strong> christian.weinold@fischer-group.com<\/div><\/div>\t\t\t\t\t\t\t\t<\/div>\n\t\t\t\t<\/div>\n\t\t\t\t<\/div>\n\t\t\t\t\t<\/div>\n\t\t\t\t<\/div>\n\t\t\t\t<\/div>","protected":false},"excerpt":{"rendered":"<p>Kontakt Sprechen Sie mit uns fischer Edelstahlrohre Austria GmbHGewerbestra\u00dfe 49112 Griffen\u00a0Tel:+43 4233 5103-0E-Mail: sales-at@fischer-group.com DI Dr. Heinz PaarGesch\u00e4ftsf\u00fchrer\u00a0Phone: +43 4233 5103-12Mail: heinz.paar@fischer-group.com Ing. Mag.(FH) Stefan KorbLeiter Vertrieb \/ Logistik, Prokurist\u00a0Phone: +43 4233 5103-27Mail: stefan.korb@fischer-group.com Ing. Mag. Christian WeinoldProgramm-Manager, Prokurist\u00a0Phone: +43 4233 5103-627Mail: christian.weinold@fischer-group.com<\/p>","protected":false},"author":2,"featured_media":0,"parent":0,"menu_order":0,"comment_status":"closed","ping_status":"closed","template":"elementor_header_footer","meta":{"footnotes":""},"class_list":["post-3275","page","type-page","status-publish","hentry"],"yoast_head":"<!-- This site is optimized with the Yoast SEO plugin v27.4 - https:\/\/yoast.com\/product\/yoast-seo-wordpress\/ -->\n<title>Kontakt - Fischer Edelstahlrohre Austria<\/title>\n<meta name=\"robots\" content=\"noindex, follow, max-snippet:-1, max-image-preview:large, max-video-preview:-1\" \/>\n<meta property=\"og:locale\" content=\"en_GB\" \/>\n<meta property=\"og:type\" content=\"article\" \/>\n<meta property=\"og:title\" content=\"Kontakt - Fischer Edelstahlrohre Austria\" \/>\n<meta property=\"og:description\" content=\"Kontakt Sprechen Sie mit uns fischer Edelstahlrohre Austria GmbHGewerbestra\u00dfe 49112 Griffen\u00a0Tel:+43 4233 5103-0E-Mail: sales-at@fischer-group.com DI Dr. Heinz PaarGesch\u00e4ftsf\u00fchrer\u00a0Phone: +43 4233 5103-12Mail: heinz.paar@fischer-group.com Ing. Mag.(FH) Stefan KorbLeiter Vertrieb \/ Logistik, Prokurist\u00a0Phone: +43 4233 5103-27Mail: stefan.korb@fischer-group.com Ing. Mag. Christian WeinoldProgramm-Manager, Prokurist\u00a0Phone: +43 4233 5103-627Mail: christian.weinold@fischer-group.com\" \/>\n<meta property=\"og:url\" content=\"https:\/\/fischer-edelstahlrohre-austria.mediapool.digital\/en\/contact\/\" \/>\n<meta property=\"og:site_name\" content=\"Fischer Edelstahlrohre Austria\" \/>\n<meta property=\"article:publisher\" content=\"https:\/\/www.facebook.com\/fischerEdelstahlrohreAustria\/\" \/>\n<meta property=\"article:modified_time\" content=\"2025-10-08T14:32:16+00:00\" \/>\n<meta property=\"og:image\" content=\"https:\/\/fischer-edelstahlrohre-austria.mediapool.digital\/wp-content\/uploads\/2025\/02\/Paar-3-1.jpg\" \/>\n\t<meta property=\"og:image:width\" content=\"643\" \/>\n\t<meta property=\"og:image:height\" content=\"643\" \/>\n\t<meta property=\"og:image:type\" content=\"image\/jpeg\" \/>\n<meta name=\"twitter:card\" content=\"summary_large_image\" \/>\n<meta name=\"twitter:label1\" content=\"Estimated reading time\" \/>\n\t<meta name=\"twitter:data1\" content=\"1 minute\" \/>\n<script type=\"application\/ld+json\" class=\"yoast-schema-graph\">{\"@context\":\"https:\\\/\\\/schema.org\",\"@graph\":[{\"@type\":\"WebPage\",\"@id\":\"https:\\\/\\\/fischer-edelstahlrohre-austria.mediapool.digital\\\/contact\\\/\",\"url\":\"https:\\\/\\\/fischer-edelstahlrohre-austria.mediapool.digital\\\/contact\\\/\",\"name\":\"Kontakt - Fischer Edelstahlrohre Austria\",\"isPartOf\":{\"@id\":\"https:\\\/\\\/fischer-edelstahlrohre-austria.mediapool.digital\\\/#website\"},\"primaryImageOfPage\":{\"@id\":\"https:\\\/\\\/fischer-edelstahlrohre-austria.mediapool.digital\\\/contact\\\/#primaryimage\"},\"image\":{\"@id\":\"https:\\\/\\\/fischer-edelstahlrohre-austria.mediapool.digital\\\/contact\\\/#primaryimage\"},\"thumbnailUrl\":\"https:\\\/\\\/fischer-edelstahlrohre-austria.mediapool.digital\\\/wp-content\\\/uploads\\\/2025\\\/02\\\/Paar-3-1-300x300.jpg\",\"datePublished\":\"2025-02-25T21:58:27+00:00\",\"dateModified\":\"2025-10-08T14:32:16+00:00\",\"breadcrumb\":{\"@id\":\"https:\\\/\\\/fischer-edelstahlrohre-austria.mediapool.digital\\\/contact\\\/#breadcrumb\"},\"inLanguage\":\"en-GB\",\"potentialAction\":[{\"@type\":\"ReadAction\",\"target\":[\"https:\\\/\\\/fischer-edelstahlrohre-austria.mediapool.digital\\\/contact\\\/\"]}]},{\"@type\":\"ImageObject\",\"inLanguage\":\"en-GB\",\"@id\":\"https:\\\/\\\/fischer-edelstahlrohre-austria.mediapool.digital\\\/contact\\\/#primaryimage\",\"url\":\"https:\\\/\\\/fischer-edelstahlrohre-austria.mediapool.digital\\\/wp-content\\\/uploads\\\/2025\\\/02\\\/Paar-3-1-300x300.jpg\",\"contentUrl\":\"https:\\\/\\\/fischer-edelstahlrohre-austria.mediapool.digital\\\/wp-content\\\/uploads\\\/2025\\\/02\\\/Paar-3-1-300x300.jpg\"},{\"@type\":\"BreadcrumbList\",\"@id\":\"https:\\\/\\\/fischer-edelstahlrohre-austria.mediapool.digital\\\/contact\\\/#breadcrumb\",\"itemListElement\":[{\"@type\":\"ListItem\",\"position\":1,\"name\":\"Home\",\"item\":\"https:\\\/\\\/fischer-edelstahlrohre-austria.mediapool.digital\\\/\"},{\"@type\":\"ListItem\",\"position\":2,\"name\":\"Kontakt\"}]},{\"@type\":\"WebSite\",\"@id\":\"https:\\\/\\\/fischer-edelstahlrohre-austria.mediapool.digital\\\/#website\",\"url\":\"https:\\\/\\\/fischer-edelstahlrohre-austria.mediapool.digital\\\/\",\"name\":\"Fischer Edelstahlrohre Austria\",\"description\":\"Entdecken Sie fischer Edelstahlrohre \u2013 Ihr Partner f\u00fcr hochwertige Edelstahlrohre, innovative L\u00f6sungen und pr\u00e4zise Fertigung. Mit modernsten Technologien, nachhaltigen Prozessen und umfassendem Service setzen wir Ma\u00dfst\u00e4be in Qualit\u00e4t und Zuverl\u00e4ssigkeit. Vertrauen Sie auf unsere Expertise in den Bereichen Automotive, Industrie und Spezialanwendungen. Informieren Sie sich jetzt \u00fcber unsere Produkte, Zertifizierungen und unser Engagement f\u00fcr Umwelt und Gesellschaft.\",\"publisher\":{\"@id\":\"https:\\\/\\\/fischer-edelstahlrohre-austria.mediapool.digital\\\/#organization\"},\"potentialAction\":[{\"@type\":\"SearchAction\",\"target\":{\"@type\":\"EntryPoint\",\"urlTemplate\":\"https:\\\/\\\/fischer-edelstahlrohre-austria.mediapool.digital\\\/?s={search_term_string}\"},\"query-input\":{\"@type\":\"PropertyValueSpecification\",\"valueRequired\":true,\"valueName\":\"search_term_string\"}}],\"inLanguage\":\"en-GB\"},{\"@type\":\"Organization\",\"@id\":\"https:\\\/\\\/fischer-edelstahlrohre-austria.mediapool.digital\\\/#organization\",\"name\":\"fischer Edelstahlrohre Austria\",\"alternateName\":\"fischer\",\"url\":\"https:\\\/\\\/fischer-edelstahlrohre-austria.mediapool.digital\\\/\",\"logo\":{\"@type\":\"ImageObject\",\"inLanguage\":\"en-GB\",\"@id\":\"https:\\\/\\\/fischer-edelstahlrohre-austria.mediapool.digital\\\/#\\\/schema\\\/logo\\\/image\\\/\",\"url\":\"https:\\\/\\\/fischer-edelstahlrohre-austria.mediapool.digital\\\/wp-content\\\/uploads\\\/2024\\\/07\\\/fischer-logo-weiss.png\",\"contentUrl\":\"https:\\\/\\\/fischer-edelstahlrohre-austria.mediapool.digital\\\/wp-content\\\/uploads\\\/2024\\\/07\\\/fischer-logo-weiss.png\",\"width\":500,\"height\":236,\"caption\":\"fischer Edelstahlrohre Austria\"},\"image\":{\"@id\":\"https:\\\/\\\/fischer-edelstahlrohre-austria.mediapool.digital\\\/#\\\/schema\\\/logo\\\/image\\\/\"},\"sameAs\":[\"https:\\\/\\\/www.facebook.com\\\/fischerEdelstahlrohreAustria\\\/\",\"https:\\\/\\\/www.instagram.com\\\/fischergriffen\\\/\"]}]}<\/script>\n<!-- \/ Yoast SEO plugin. -->","yoast_head_json":{"title":"Kontakt - Fischer Edelstahlrohre Austria","robots":{"index":"noindex","follow":"follow","max-snippet":"max-snippet:-1","max-image-preview":"max-image-preview:large","max-video-preview":"max-video-preview:-1"},"og_locale":"en_GB","og_type":"article","og_title":"Kontakt - Fischer Edelstahlrohre Austria","og_description":"Kontakt Sprechen Sie mit uns fischer Edelstahlrohre Austria GmbHGewerbestra\u00dfe 49112 Griffen\u00a0Tel:+43 4233 5103-0E-Mail: sales-at@fischer-group.com DI Dr. Heinz PaarGesch\u00e4ftsf\u00fchrer\u00a0Phone: +43 4233 5103-12Mail: heinz.paar@fischer-group.com Ing. Mag.(FH) Stefan KorbLeiter Vertrieb \/ Logistik, Prokurist\u00a0Phone: +43 4233 5103-27Mail: stefan.korb@fischer-group.com Ing. Mag. Christian WeinoldProgramm-Manager, Prokurist\u00a0Phone: +43 4233 5103-627Mail: christian.weinold@fischer-group.com","og_url":"https:\/\/fischer-edelstahlrohre-austria.mediapool.digital\/en\/contact\/","og_site_name":"Fischer Edelstahlrohre Austria","article_publisher":"https:\/\/www.facebook.com\/fischerEdelstahlrohreAustria\/","article_modified_time":"2025-10-08T14:32:16+00:00","og_image":[{"width":643,"height":643,"url":"https:\/\/fischer-edelstahlrohre-austria.mediapool.digital\/wp-content\/uploads\/2025\/02\/Paar-3-1.jpg","type":"image\/jpeg"}],"twitter_card":"summary_large_image","twitter_misc":{"Estimated reading time":"1 minute"},"schema":{"@context":"https:\/\/schema.org","@graph":[{"@type":"WebPage","@id":"https:\/\/fischer-edelstahlrohre-austria.mediapool.digital\/contact\/","url":"https:\/\/fischer-edelstahlrohre-austria.mediapool.digital\/contact\/","name":"Kontakt - Fischer Edelstahlrohre Austria","isPartOf":{"@id":"https:\/\/fischer-edelstahlrohre-austria.mediapool.digital\/#website"},"primaryImageOfPage":{"@id":"https:\/\/fischer-edelstahlrohre-austria.mediapool.digital\/contact\/#primaryimage"},"image":{"@id":"https:\/\/fischer-edelstahlrohre-austria.mediapool.digital\/contact\/#primaryimage"},"thumbnailUrl":"https:\/\/fischer-edelstahlrohre-austria.mediapool.digital\/wp-content\/uploads\/2025\/02\/Paar-3-1-300x300.jpg","datePublished":"2025-02-25T21:58:27+00:00","dateModified":"2025-10-08T14:32:16+00:00","breadcrumb":{"@id":"https:\/\/fischer-edelstahlrohre-austria.mediapool.digital\/contact\/#breadcrumb"},"inLanguage":"en-GB","potentialAction":[{"@type":"ReadAction","target":["https:\/\/fischer-edelstahlrohre-austria.mediapool.digital\/contact\/"]}]},{"@type":"ImageObject","inLanguage":"en-GB","@id":"https:\/\/fischer-edelstahlrohre-austria.mediapool.digital\/contact\/#primaryimage","url":"https:\/\/fischer-edelstahlrohre-austria.mediapool.digital\/wp-content\/uploads\/2025\/02\/Paar-3-1-300x300.jpg","contentUrl":"https:\/\/fischer-edelstahlrohre-austria.mediapool.digital\/wp-content\/uploads\/2025\/02\/Paar-3-1-300x300.jpg"},{"@type":"BreadcrumbList","@id":"https:\/\/fischer-edelstahlrohre-austria.mediapool.digital\/contact\/#breadcrumb","itemListElement":[{"@type":"ListItem","position":1,"name":"Home","item":"https:\/\/fischer-edelstahlrohre-austria.mediapool.digital\/"},{"@type":"ListItem","position":2,"name":"Kontakt"}]},{"@type":"WebSite","@id":"https:\/\/fischer-edelstahlrohre-austria.mediapool.digital\/#website","url":"https:\/\/fischer-edelstahlrohre-austria.mediapool.digital\/","name":"Fischer Edelstahlrohre Austria","description":"Entdecken Sie fischer Edelstahlrohre \u2013 Ihr Partner f\u00fcr hochwertige Edelstahlrohre, innovative L\u00f6sungen und pr\u00e4zise Fertigung. Mit modernsten Technologien, nachhaltigen Prozessen und umfassendem Service setzen wir Ma\u00dfst\u00e4be in Qualit\u00e4t und Zuverl\u00e4ssigkeit. Vertrauen Sie auf unsere Expertise in den Bereichen Automotive, Industrie und Spezialanwendungen. Informieren Sie sich jetzt \u00fcber unsere Produkte, Zertifizierungen und unser Engagement f\u00fcr Umwelt und Gesellschaft.","publisher":{"@id":"https:\/\/fischer-edelstahlrohre-austria.mediapool.digital\/#organization"},"potentialAction":[{"@type":"SearchAction","target":{"@type":"EntryPoint","urlTemplate":"https:\/\/fischer-edelstahlrohre-austria.mediapool.digital\/?s={search_term_string}"},"query-input":{"@type":"PropertyValueSpecification","valueRequired":true,"valueName":"search_term_string"}}],"inLanguage":"en-GB"},{"@type":"Organization","@id":"https:\/\/fischer-edelstahlrohre-austria.mediapool.digital\/#organization","name":"fischer Edelstahlrohre Austria","alternateName":"fischer","url":"https:\/\/fischer-edelstahlrohre-austria.mediapool.digital\/","logo":{"@type":"ImageObject","inLanguage":"en-GB","@id":"https:\/\/fischer-edelstahlrohre-austria.mediapool.digital\/#\/schema\/logo\/image\/","url":"https:\/\/fischer-edelstahlrohre-austria.mediapool.digital\/wp-content\/uploads\/2024\/07\/fischer-logo-weiss.png","contentUrl":"https:\/\/fischer-edelstahlrohre-austria.mediapool.digital\/wp-content\/uploads\/2024\/07\/fischer-logo-weiss.png","width":500,"height":236,"caption":"fischer Edelstahlrohre Austria"},"image":{"@id":"https:\/\/fischer-edelstahlrohre-austria.mediapool.digital\/#\/schema\/logo\/image\/"},"sameAs":["https:\/\/www.facebook.com\/fischerEdelstahlrohreAustria\/","https:\/\/www.instagram.com\/fischergriffen\/"]}]}},"_links":{"self":[{"href":"https:\/\/fischer-edelstahlrohre-austria.mediapool.digital\/en\/wp-json\/wp\/v2\/pages\/3275","targetHints":{"allow":["GET"]}}],"collection":[{"href":"https:\/\/fischer-edelstahlrohre-austria.mediapool.digital\/en\/wp-json\/wp\/v2\/pages"}],"about":[{"href":"https:\/\/fischer-edelstahlrohre-austria.mediapool.digital\/en\/wp-json\/wp\/v2\/types\/page"}],"author":[{"embeddable":true,"href":"https:\/\/fischer-edelstahlrohre-austria.mediapool.digital\/en\/wp-json\/wp\/v2\/users\/2"}],"replies":[{"embeddable":true,"href":"https:\/\/fischer-edelstahlrohre-austria.mediapool.digital\/en\/wp-json\/wp\/v2\/comments?post=3275"}],"version-history":[{"count":24,"href":"https:\/\/fischer-edelstahlrohre-austria.mediapool.digital\/en\/wp-json\/wp\/v2\/pages\/3275\/revisions"}],"predecessor-version":[{"id":3984,"href":"https:\/\/fischer-edelstahlrohre-austria.mediapool.digital\/en\/wp-json\/wp\/v2\/pages\/3275\/revisions\/3984"}],"wp:attachment":[{"href":"https:\/\/fischer-edelstahlrohre-austria.mediapool.digital\/en\/wp-json\/wp\/v2\/media?parent=3275"}],"curies":[{"name":"wp","href":"https:\/\/api.w.org\/{rel}","templated":true}]}}