{"id":2792,"date":"2025-02-01T22:29:17","date_gmt":"2025-02-01T21:29:17","guid":{"rendered":"http:\/\/fischer-edelstahlrohre-austria.mediapool.digital\/?page_id=2792"},"modified":"2025-04-02T09:28:53","modified_gmt":"2025-04-02T08:28:53","slug":"machinery","status":"publish","type":"page","link":"https:\/\/fischer-edelstahlrohre-austria.mediapool.digital\/en\/machinery\/","title":{"rendered":"Machinery"},"content":{"rendered":"<div data-elementor-type=\"wp-page\" data-elementor-id=\"2792\" class=\"elementor elementor-2792\" data-elementor-post-type=\"page\">\n\t\t\t\t<div class=\"elementor-element elementor-element-4aea633c e-flex e-con-boxed e-con e-parent\" data-id=\"4aea633c\" data-element_type=\"container\" data-e-type=\"container\" data-settings=\"{&quot;background_background&quot;:&quot;classic&quot;}\">\n\t\t\t\t\t<div class=\"e-con-inner\">\n\t\t\t\t\t<\/div>\n\t\t\t\t<\/div>\n\t\t<div class=\"elementor-element elementor-element-7345da30 e-flex e-con-boxed e-con e-parent\" data-id=\"7345da30\" data-element_type=\"container\" data-e-type=\"container\" data-settings=\"{&quot;background_background&quot;:&quot;classic&quot;}\">\n\t\t\t\t\t<div class=\"e-con-inner\">\n\t\t<div class=\"elementor-element elementor-element-4f0cf236 e-con-full e-flex e-con e-child\" data-id=\"4f0cf236\" data-element_type=\"container\" data-e-type=\"container\" data-settings=\"{&quot;animation&quot;:&quot;none&quot;}\">\n\t\t\t\t<div class=\"elementor-element elementor-element-27078520 elementor-widget elementor-widget-heading\" data-id=\"27078520\" data-element_type=\"widget\" data-e-type=\"widget\" data-settings=\"{&quot;_animation&quot;:&quot;none&quot;,&quot;_animation_delay&quot;:50}\" data-widget_type=\"heading.default\">\n\t\t\t\t<div class=\"elementor-widget-container\">\n\t\t\t\t\t<p class=\"elementor-heading-title elementor-size-default\">what we develop \u2013 Maschinen<\/p>\t\t\t\t<\/div>\n\t\t\t\t<\/div>\n\t\t\t\t<div class=\"elementor-element elementor-element-6b83e14e elementor-widget elementor-widget-heading\" data-id=\"6b83e14e\" data-element_type=\"widget\" data-e-type=\"widget\" data-widget_type=\"heading.default\">\n\t\t\t\t<div class=\"elementor-widget-container\">\n\t\t\t\t\t<h1 class=\"elementor-heading-title elementor-size-default\">Lorem ipsum dolor sit amet<\/h1>\t\t\t\t<\/div>\n\t\t\t\t<\/div>\n\t\t\t\t<div class=\"elementor-element elementor-element-7101aee6 elementor-widget elementor-widget-heading\" data-id=\"7101aee6\" data-element_type=\"widget\" data-e-type=\"widget\" data-settings=\"{&quot;_animation&quot;:&quot;none&quot;,&quot;_animation_delay&quot;:150}\" data-widget_type=\"heading.default\">\n\t\t\t\t<div class=\"elementor-widget-container\">\n\t\t\t\t\t<h2 class=\"elementor-heading-title elementor-size-default\">Lorem ipsum dolor sit amet, consetetur sadipscing elitr, sed diam nonumy eirmod tempor invidunt ut labore et dolore magna aliquyam erat, sed diam voluptua. At vero eos et accusam et justo duo dolores et ea rebum. Stet clita kasd gubergren, no sea takimata sanctus est Lorem ipsum dolor sit amet. Lorem ipsum dolor sit amet, consetetur sadipscing elitr, sed diam nonumy eirmod tempor invidunt ut labore et dolore magna aliquyam erat, sed diam voluptua. At vero eos et accusam et justo duo dolores et ea rebum. Stet clita kasd gubergren, no sea takimata sanctus est Lorem ipsum dolor sit amet.<\/h2>\t\t\t\t<\/div>\n\t\t\t\t<\/div>\n\t\t\t\t<\/div>\n\t\t<div class=\"elementor-element elementor-element-957db08 e-con-full e-flex e-con e-child\" data-id=\"957db08\" data-element_type=\"container\" data-e-type=\"container\">\n\t\t\t\t<div class=\"elementor-element elementor-element-cb6389e elementor-widget elementor-widget-image\" data-id=\"cb6389e\" data-element_type=\"widget\" data-e-type=\"widget\" data-widget_type=\"image.default\">\n\t\t\t\t<div class=\"elementor-widget-container\">\n\t\t\t\t\t\t\t\t\t\t\t\t\t\t\t<img fetchpriority=\"high\" decoding=\"async\" width=\"800\" height=\"534\" src=\"https:\/\/fischer-edelstahlrohre-austria.mediapool.digital\/wp-content\/uploads\/2025\/01\/MG_5273-1024x683.jpg\" class=\"attachment-large size-large wp-image-2457\" alt=\"\" srcset=\"https:\/\/fischer-edelstahlrohre-austria.mediapool.digital\/wp-content\/uploads\/2025\/01\/MG_5273-1024x683.jpg 1024w, https:\/\/fischer-edelstahlrohre-austria.mediapool.digital\/wp-content\/uploads\/2025\/01\/MG_5273-300x200.jpg 300w, https:\/\/fischer-edelstahlrohre-austria.mediapool.digital\/wp-content\/uploads\/2025\/01\/MG_5273-768x512.jpg 768w, https:\/\/fischer-edelstahlrohre-austria.mediapool.digital\/wp-content\/uploads\/2025\/01\/MG_5273-1536x1024.jpg 1536w, https:\/\/fischer-edelstahlrohre-austria.mediapool.digital\/wp-content\/uploads\/2025\/01\/MG_5273.jpg 1920w\" sizes=\"(max-width: 800px) 100vw, 800px\" \/>\t\t\t\t\t\t\t\t\t\t\t\t\t\t\t<\/div>\n\t\t\t\t<\/div>\n\t\t\t\t<\/div>\n\t\t\t\t\t<\/div>\n\t\t\t\t<\/div>\n\t\t<div class=\"elementor-element elementor-element-17cdaef e-flex e-con-boxed e-con e-parent\" data-id=\"17cdaef\" data-element_type=\"container\" data-e-type=\"container\">\n\t\t\t\t\t<div class=\"e-con-inner\">\n\t\t<div class=\"elementor-element elementor-element-0130aa4 e-con-full e-flex e-con e-child\" data-id=\"0130aa4\" data-element_type=\"container\" data-e-type=\"container\">\n\t\t\t\t<div class=\"elementor-element elementor-element-2306404 elementor-pagination-position-outside elementor-widget elementor-widget-image-carousel\" data-id=\"2306404\" data-element_type=\"widget\" data-e-type=\"widget\" data-settings=\"{&quot;navigation&quot;:&quot;dots&quot;,&quot;autoplay&quot;:&quot;yes&quot;,&quot;pause_on_hover&quot;:&quot;yes&quot;,&quot;pause_on_interaction&quot;:&quot;yes&quot;,&quot;autoplay_speed&quot;:5000,&quot;infinite&quot;:&quot;yes&quot;,&quot;speed&quot;:500,&quot;image_spacing_custom&quot;:{&quot;unit&quot;:&quot;px&quot;,&quot;size&quot;:20,&quot;sizes&quot;:[]},&quot;image_spacing_custom_tablet&quot;:{&quot;unit&quot;:&quot;px&quot;,&quot;size&quot;:&quot;&quot;,&quot;sizes&quot;:[]},&quot;image_spacing_custom_mobile&quot;:{&quot;unit&quot;:&quot;px&quot;,&quot;size&quot;:&quot;&quot;,&quot;sizes&quot;:[]}}\" data-widget_type=\"image-carousel.default\">\n\t\t\t\t<div class=\"elementor-widget-container\">\n\t\t\t\t\t\t\t<div class=\"elementor-image-carousel-wrapper swiper\" role=\"region\" aria-roledescription=\"carousel\" aria-label=\"Bild Karussell\" dir=\"ltr\">\n\t\t\t<div class=\"elementor-image-carousel swiper-wrapper\" aria-live=\"off\">\n\t\t\t\t\t\t\t\t<div class=\"swiper-slide\" role=\"group\" aria-roledescription=\"slide\" aria-label=\"1 von 7\"><figure class=\"swiper-slide-inner\"><img decoding=\"async\" class=\"swiper-slide-image\" src=\"https:\/\/fischer-edelstahlrohre-austria.mediapool.digital\/wp-content\/uploads\/2025\/01\/MG_5100.jpg\" alt=\"_MG_5100\" \/><\/figure><\/div><div class=\"swiper-slide\" role=\"group\" aria-roledescription=\"slide\" aria-label=\"2 von 7\"><figure class=\"swiper-slide-inner\"><img decoding=\"async\" class=\"swiper-slide-image\" src=\"https:\/\/fischer-edelstahlrohre-austria.mediapool.digital\/wp-content\/uploads\/2025\/01\/A_FER_Glueher_P33_01-scaled.jpg\" alt=\"A_FER_Glueher_P33_01\" \/><\/figure><\/div><div class=\"swiper-slide\" role=\"group\" aria-roledescription=\"slide\" aria-label=\"3 von 7\"><figure class=\"swiper-slide-inner\"><img decoding=\"async\" class=\"swiper-slide-image\" src=\"https:\/\/fischer-edelstahlrohre-austria.mediapool.digital\/wp-content\/uploads\/2025\/01\/R7A3467.jpg\" alt=\"_R7A3467\" \/><\/figure><\/div><div class=\"swiper-slide\" role=\"group\" aria-roledescription=\"slide\" aria-label=\"4 von 7\"><figure class=\"swiper-slide-inner\"><img decoding=\"async\" class=\"swiper-slide-image\" src=\"https:\/\/fischer-edelstahlrohre-austria.mediapool.digital\/wp-content\/uploads\/2025\/01\/MG_5151.jpg\" alt=\"_MG_5151\" \/><\/figure><\/div><div class=\"swiper-slide\" role=\"group\" aria-roledescription=\"slide\" aria-label=\"5 von 7\"><figure class=\"swiper-slide-inner\"><img decoding=\"async\" class=\"swiper-slide-image\" src=\"https:\/\/fischer-edelstahlrohre-austria.mediapool.digital\/wp-content\/uploads\/2025\/01\/R7A3623.jpg\" alt=\"_R7A3623\" \/><\/figure><\/div><div class=\"swiper-slide\" role=\"group\" aria-roledescription=\"slide\" aria-label=\"6 von 7\"><figure class=\"swiper-slide-inner\"><img decoding=\"async\" class=\"swiper-slide-image\" src=\"https:\/\/fischer-edelstahlrohre-austria.mediapool.digital\/wp-content\/uploads\/2025\/01\/MG_5857.jpg\" alt=\"_MG_5857\" \/><\/figure><\/div><div class=\"swiper-slide\" role=\"group\" aria-roledescription=\"slide\" aria-label=\"7 von 7\"><figure class=\"swiper-slide-inner\"><img decoding=\"async\" class=\"swiper-slide-image\" src=\"https:\/\/fischer-edelstahlrohre-austria.mediapool.digital\/wp-content\/uploads\/2025\/01\/MG_5210.jpg\" alt=\"_MG_5210\" \/><\/figure><\/div>\t\t\t<\/div>\n\t\t\t\t\t\t\t\n\t\t\t\t\t\t\t\t\t<div class=\"swiper-pagination\"><\/div>\n\t\t\t\t\t\t\t\t\t<\/div>\n\t\t\t\t\t\t<\/div>\n\t\t\t\t<\/div>\n\t\t\t\t<\/div>\n\t\t\t\t\t<\/div>\n\t\t\t\t<\/div>\n\t\t\t\t<\/div>","protected":false},"excerpt":{"rendered":"<p>what we develop \u2013 Maschinen Lorem ipsum dolor sit amet Lorem ipsum dolor sit amet, consetetur sadipscing elitr, sed diam nonumy eirmod tempor invidunt ut labore et dolore magna aliquyam erat, sed diam voluptua. At vero eos et accusam et justo duo dolores et ea rebum. Stet clita kasd gubergren, no sea takimata sanctus est [&hellip;]<\/p>\n","protected":false},"author":2,"featured_media":0,"parent":0,"menu_order":0,"comment_status":"closed","ping_status":"closed","template":"","meta":{"footnotes":""},"class_list":["post-2792","page","type-page","status-publish","hentry"],"yoast_head":"<!-- This site is optimized with the Yoast SEO plugin v27.4 - https:\/\/yoast.com\/product\/yoast-seo-wordpress\/ -->\n<title>Machinery - Fischer Edelstahlrohre Austria<\/title>\n<meta name=\"robots\" content=\"noindex, follow, max-snippet:-1, max-image-preview:large, max-video-preview:-1\" \/>\n<meta property=\"og:locale\" content=\"en_GB\" \/>\n<meta property=\"og:type\" content=\"article\" \/>\n<meta property=\"og:title\" content=\"Machinery - Fischer Edelstahlrohre Austria\" \/>\n<meta property=\"og:description\" content=\"what we develop \u2013 Maschinen Lorem ipsum dolor sit amet Lorem ipsum dolor sit amet, consetetur sadipscing elitr, sed diam nonumy eirmod tempor invidunt ut labore et dolore magna aliquyam erat, sed diam voluptua. At vero eos et accusam et justo duo dolores et ea rebum. Stet clita kasd gubergren, no sea takimata sanctus est [&hellip;]\" \/>\n<meta property=\"og:url\" content=\"https:\/\/fischer-edelstahlrohre-austria.mediapool.digital\/en\/machinery\/\" \/>\n<meta property=\"og:site_name\" content=\"Fischer Edelstahlrohre Austria\" \/>\n<meta property=\"article:publisher\" content=\"https:\/\/www.facebook.com\/fischerEdelstahlrohreAustria\/\" \/>\n<meta property=\"article:modified_time\" content=\"2025-04-02T08:28:53+00:00\" \/>\n<meta property=\"og:image\" content=\"https:\/\/fischer-edelstahlrohre-austria.mediapool.digital\/wp-content\/uploads\/2025\/01\/MG_5273.jpg\" \/>\n\t<meta property=\"og:image:width\" content=\"1920\" \/>\n\t<meta property=\"og:image:height\" content=\"1280\" \/>\n\t<meta property=\"og:image:type\" content=\"image\/jpeg\" \/>\n<meta name=\"twitter:card\" content=\"summary_large_image\" \/>\n<meta name=\"twitter:label1\" content=\"Estimated reading time\" \/>\n\t<meta name=\"twitter:data1\" content=\"4 minutes\" \/>\n<script type=\"application\/ld+json\" class=\"yoast-schema-graph\">{\"@context\":\"https:\\\/\\\/schema.org\",\"@graph\":[{\"@type\":\"WebPage\",\"@id\":\"https:\\\/\\\/fischer-edelstahlrohre-austria.mediapool.digital\\\/machinery\\\/\",\"url\":\"https:\\\/\\\/fischer-edelstahlrohre-austria.mediapool.digital\\\/machinery\\\/\",\"name\":\"Machinery - Fischer Edelstahlrohre Austria\",\"isPartOf\":{\"@id\":\"https:\\\/\\\/fischer-edelstahlrohre-austria.mediapool.digital\\\/#website\"},\"primaryImageOfPage\":{\"@id\":\"https:\\\/\\\/fischer-edelstahlrohre-austria.mediapool.digital\\\/machinery\\\/#primaryimage\"},\"image\":{\"@id\":\"https:\\\/\\\/fischer-edelstahlrohre-austria.mediapool.digital\\\/machinery\\\/#primaryimage\"},\"thumbnailUrl\":\"https:\\\/\\\/fischer-edelstahlrohre-austria.mediapool.digital\\\/wp-content\\\/uploads\\\/2025\\\/01\\\/MG_5273-1024x683.jpg\",\"datePublished\":\"2025-02-01T21:29:17+00:00\",\"dateModified\":\"2025-04-02T08:28:53+00:00\",\"breadcrumb\":{\"@id\":\"https:\\\/\\\/fischer-edelstahlrohre-austria.mediapool.digital\\\/machinery\\\/#breadcrumb\"},\"inLanguage\":\"en-GB\",\"potentialAction\":[{\"@type\":\"ReadAction\",\"target\":[\"https:\\\/\\\/fischer-edelstahlrohre-austria.mediapool.digital\\\/machinery\\\/\"]}]},{\"@type\":\"ImageObject\",\"inLanguage\":\"en-GB\",\"@id\":\"https:\\\/\\\/fischer-edelstahlrohre-austria.mediapool.digital\\\/machinery\\\/#primaryimage\",\"url\":\"https:\\\/\\\/fischer-edelstahlrohre-austria.mediapool.digital\\\/wp-content\\\/uploads\\\/2025\\\/01\\\/MG_5273-1024x683.jpg\",\"contentUrl\":\"https:\\\/\\\/fischer-edelstahlrohre-austria.mediapool.digital\\\/wp-content\\\/uploads\\\/2025\\\/01\\\/MG_5273-1024x683.jpg\"},{\"@type\":\"BreadcrumbList\",\"@id\":\"https:\\\/\\\/fischer-edelstahlrohre-austria.mediapool.digital\\\/machinery\\\/#breadcrumb\",\"itemListElement\":[{\"@type\":\"ListItem\",\"position\":1,\"name\":\"Home\",\"item\":\"https:\\\/\\\/fischer-edelstahlrohre-austria.mediapool.digital\\\/\"},{\"@type\":\"ListItem\",\"position\":2,\"name\":\"Machinery\"}]},{\"@type\":\"WebSite\",\"@id\":\"https:\\\/\\\/fischer-edelstahlrohre-austria.mediapool.digital\\\/#website\",\"url\":\"https:\\\/\\\/fischer-edelstahlrohre-austria.mediapool.digital\\\/\",\"name\":\"Fischer Edelstahlrohre Austria\",\"description\":\"Entdecken Sie fischer Edelstahlrohre \u2013 Ihr Partner f\u00fcr hochwertige Edelstahlrohre, innovative L\u00f6sungen und pr\u00e4zise Fertigung. Mit modernsten Technologien, nachhaltigen Prozessen und umfassendem Service setzen wir Ma\u00dfst\u00e4be in Qualit\u00e4t und Zuverl\u00e4ssigkeit. Vertrauen Sie auf unsere Expertise in den Bereichen Automotive, Industrie und Spezialanwendungen. Informieren Sie sich jetzt \u00fcber unsere Produkte, Zertifizierungen und unser Engagement f\u00fcr Umwelt und Gesellschaft.\",\"publisher\":{\"@id\":\"https:\\\/\\\/fischer-edelstahlrohre-austria.mediapool.digital\\\/#organization\"},\"potentialAction\":[{\"@type\":\"SearchAction\",\"target\":{\"@type\":\"EntryPoint\",\"urlTemplate\":\"https:\\\/\\\/fischer-edelstahlrohre-austria.mediapool.digital\\\/?s={search_term_string}\"},\"query-input\":{\"@type\":\"PropertyValueSpecification\",\"valueRequired\":true,\"valueName\":\"search_term_string\"}}],\"inLanguage\":\"en-GB\"},{\"@type\":\"Organization\",\"@id\":\"https:\\\/\\\/fischer-edelstahlrohre-austria.mediapool.digital\\\/#organization\",\"name\":\"fischer Edelstahlrohre Austria\",\"alternateName\":\"fischer\",\"url\":\"https:\\\/\\\/fischer-edelstahlrohre-austria.mediapool.digital\\\/\",\"logo\":{\"@type\":\"ImageObject\",\"inLanguage\":\"en-GB\",\"@id\":\"https:\\\/\\\/fischer-edelstahlrohre-austria.mediapool.digital\\\/#\\\/schema\\\/logo\\\/image\\\/\",\"url\":\"https:\\\/\\\/fischer-edelstahlrohre-austria.mediapool.digital\\\/wp-content\\\/uploads\\\/2024\\\/07\\\/fischer-logo-weiss.png\",\"contentUrl\":\"https:\\\/\\\/fischer-edelstahlrohre-austria.mediapool.digital\\\/wp-content\\\/uploads\\\/2024\\\/07\\\/fischer-logo-weiss.png\",\"width\":500,\"height\":236,\"caption\":\"fischer Edelstahlrohre Austria\"},\"image\":{\"@id\":\"https:\\\/\\\/fischer-edelstahlrohre-austria.mediapool.digital\\\/#\\\/schema\\\/logo\\\/image\\\/\"},\"sameAs\":[\"https:\\\/\\\/www.facebook.com\\\/fischerEdelstahlrohreAustria\\\/\",\"https:\\\/\\\/www.instagram.com\\\/fischergriffen\\\/\"]}]}<\/script>\n<!-- \/ Yoast SEO plugin. -->","yoast_head_json":{"title":"Machinery - Fischer Edelstahlrohre Austria","robots":{"index":"noindex","follow":"follow","max-snippet":"max-snippet:-1","max-image-preview":"max-image-preview:large","max-video-preview":"max-video-preview:-1"},"og_locale":"en_GB","og_type":"article","og_title":"Machinery - Fischer Edelstahlrohre Austria","og_description":"what we develop \u2013 Maschinen Lorem ipsum dolor sit amet Lorem ipsum dolor sit amet, consetetur sadipscing elitr, sed diam nonumy eirmod tempor invidunt ut labore et dolore magna aliquyam erat, sed diam voluptua. At vero eos et accusam et justo duo dolores et ea rebum. Stet clita kasd gubergren, no sea takimata sanctus est [&hellip;]","og_url":"https:\/\/fischer-edelstahlrohre-austria.mediapool.digital\/en\/machinery\/","og_site_name":"Fischer Edelstahlrohre Austria","article_publisher":"https:\/\/www.facebook.com\/fischerEdelstahlrohreAustria\/","article_modified_time":"2025-04-02T08:28:53+00:00","og_image":[{"width":1920,"height":1280,"url":"https:\/\/fischer-edelstahlrohre-austria.mediapool.digital\/wp-content\/uploads\/2025\/01\/MG_5273.jpg","type":"image\/jpeg"}],"twitter_card":"summary_large_image","twitter_misc":{"Estimated reading time":"4 minutes"},"schema":{"@context":"https:\/\/schema.org","@graph":[{"@type":"WebPage","@id":"https:\/\/fischer-edelstahlrohre-austria.mediapool.digital\/machinery\/","url":"https:\/\/fischer-edelstahlrohre-austria.mediapool.digital\/machinery\/","name":"Machinery - Fischer Edelstahlrohre Austria","isPartOf":{"@id":"https:\/\/fischer-edelstahlrohre-austria.mediapool.digital\/#website"},"primaryImageOfPage":{"@id":"https:\/\/fischer-edelstahlrohre-austria.mediapool.digital\/machinery\/#primaryimage"},"image":{"@id":"https:\/\/fischer-edelstahlrohre-austria.mediapool.digital\/machinery\/#primaryimage"},"thumbnailUrl":"https:\/\/fischer-edelstahlrohre-austria.mediapool.digital\/wp-content\/uploads\/2025\/01\/MG_5273-1024x683.jpg","datePublished":"2025-02-01T21:29:17+00:00","dateModified":"2025-04-02T08:28:53+00:00","breadcrumb":{"@id":"https:\/\/fischer-edelstahlrohre-austria.mediapool.digital\/machinery\/#breadcrumb"},"inLanguage":"en-GB","potentialAction":[{"@type":"ReadAction","target":["https:\/\/fischer-edelstahlrohre-austria.mediapool.digital\/machinery\/"]}]},{"@type":"ImageObject","inLanguage":"en-GB","@id":"https:\/\/fischer-edelstahlrohre-austria.mediapool.digital\/machinery\/#primaryimage","url":"https:\/\/fischer-edelstahlrohre-austria.mediapool.digital\/wp-content\/uploads\/2025\/01\/MG_5273-1024x683.jpg","contentUrl":"https:\/\/fischer-edelstahlrohre-austria.mediapool.digital\/wp-content\/uploads\/2025\/01\/MG_5273-1024x683.jpg"},{"@type":"BreadcrumbList","@id":"https:\/\/fischer-edelstahlrohre-austria.mediapool.digital\/machinery\/#breadcrumb","itemListElement":[{"@type":"ListItem","position":1,"name":"Home","item":"https:\/\/fischer-edelstahlrohre-austria.mediapool.digital\/"},{"@type":"ListItem","position":2,"name":"Machinery"}]},{"@type":"WebSite","@id":"https:\/\/fischer-edelstahlrohre-austria.mediapool.digital\/#website","url":"https:\/\/fischer-edelstahlrohre-austria.mediapool.digital\/","name":"Fischer Edelstahlrohre Austria","description":"Entdecken Sie fischer Edelstahlrohre \u2013 Ihr Partner f\u00fcr hochwertige Edelstahlrohre, innovative L\u00f6sungen und pr\u00e4zise Fertigung. Mit modernsten Technologien, nachhaltigen Prozessen und umfassendem Service setzen wir Ma\u00dfst\u00e4be in Qualit\u00e4t und Zuverl\u00e4ssigkeit. Vertrauen Sie auf unsere Expertise in den Bereichen Automotive, Industrie und Spezialanwendungen. Informieren Sie sich jetzt \u00fcber unsere Produkte, Zertifizierungen und unser Engagement f\u00fcr Umwelt und Gesellschaft.","publisher":{"@id":"https:\/\/fischer-edelstahlrohre-austria.mediapool.digital\/#organization"},"potentialAction":[{"@type":"SearchAction","target":{"@type":"EntryPoint","urlTemplate":"https:\/\/fischer-edelstahlrohre-austria.mediapool.digital\/?s={search_term_string}"},"query-input":{"@type":"PropertyValueSpecification","valueRequired":true,"valueName":"search_term_string"}}],"inLanguage":"en-GB"},{"@type":"Organization","@id":"https:\/\/fischer-edelstahlrohre-austria.mediapool.digital\/#organization","name":"fischer Edelstahlrohre Austria","alternateName":"fischer","url":"https:\/\/fischer-edelstahlrohre-austria.mediapool.digital\/","logo":{"@type":"ImageObject","inLanguage":"en-GB","@id":"https:\/\/fischer-edelstahlrohre-austria.mediapool.digital\/#\/schema\/logo\/image\/","url":"https:\/\/fischer-edelstahlrohre-austria.mediapool.digital\/wp-content\/uploads\/2024\/07\/fischer-logo-weiss.png","contentUrl":"https:\/\/fischer-edelstahlrohre-austria.mediapool.digital\/wp-content\/uploads\/2024\/07\/fischer-logo-weiss.png","width":500,"height":236,"caption":"fischer Edelstahlrohre Austria"},"image":{"@id":"https:\/\/fischer-edelstahlrohre-austria.mediapool.digital\/#\/schema\/logo\/image\/"},"sameAs":["https:\/\/www.facebook.com\/fischerEdelstahlrohreAustria\/","https:\/\/www.instagram.com\/fischergriffen\/"]}]}},"_links":{"self":[{"href":"https:\/\/fischer-edelstahlrohre-austria.mediapool.digital\/en\/wp-json\/wp\/v2\/pages\/2792","targetHints":{"allow":["GET"]}}],"collection":[{"href":"https:\/\/fischer-edelstahlrohre-austria.mediapool.digital\/en\/wp-json\/wp\/v2\/pages"}],"about":[{"href":"https:\/\/fischer-edelstahlrohre-austria.mediapool.digital\/en\/wp-json\/wp\/v2\/types\/page"}],"author":[{"embeddable":true,"href":"https:\/\/fischer-edelstahlrohre-austria.mediapool.digital\/en\/wp-json\/wp\/v2\/users\/2"}],"replies":[{"embeddable":true,"href":"https:\/\/fischer-edelstahlrohre-austria.mediapool.digital\/en\/wp-json\/wp\/v2\/comments?post=2792"}],"version-history":[{"count":21,"href":"https:\/\/fischer-edelstahlrohre-austria.mediapool.digital\/en\/wp-json\/wp\/v2\/pages\/2792\/revisions"}],"predecessor-version":[{"id":3676,"href":"https:\/\/fischer-edelstahlrohre-austria.mediapool.digital\/en\/wp-json\/wp\/v2\/pages\/2792\/revisions\/3676"}],"wp:attachment":[{"href":"https:\/\/fischer-edelstahlrohre-austria.mediapool.digital\/en\/wp-json\/wp\/v2\/media?parent=2792"}],"curies":[{"name":"wp","href":"https:\/\/api.w.org\/{rel}","templated":true}]}}