{"id":168,"date":"2024-03-31T17:54:39","date_gmt":"2024-03-31T17:54:39","guid":{"rendered":"http:\/\/fischer-edelstahlrohre-austria.mediapool.digital\/?page_id=168"},"modified":"2025-10-08T15:34:18","modified_gmt":"2025-10-08T14:34:18","slug":"impressum","status":"publish","type":"page","link":"https:\/\/fischer-edelstahlrohre-austria.mediapool.digital\/en\/impressum\/","title":{"rendered":"Impressum"},"content":{"rendered":"<div data-elementor-type=\"wp-page\" data-elementor-id=\"168\" class=\"elementor elementor-168\" data-elementor-post-type=\"page\">\n\t\t\t\t<div class=\"elementor-element elementor-element-4c847e7 e-flex e-con-boxed e-con e-parent\" data-id=\"4c847e7\" data-element_type=\"container\" data-e-type=\"container\" data-settings=\"{&quot;background_background&quot;:&quot;classic&quot;}\">\n\t\t\t\t\t<div class=\"e-con-inner\">\n\t\t\t\t\t<\/div>\n\t\t\t\t<\/div>\n\t\t<div class=\"elementor-element elementor-element-74393e1 e-flex e-con-boxed e-con e-parent\" data-id=\"74393e1\" data-element_type=\"container\" data-e-type=\"container\" data-settings=\"{&quot;background_background&quot;:&quot;classic&quot;}\">\n\t\t\t\t\t<div class=\"e-con-inner\">\n\t\t<div class=\"elementor-element elementor-element-67545bb e-con-full e-flex e-con e-child\" data-id=\"67545bb\" data-element_type=\"container\" data-e-type=\"container\" data-settings=\"{&quot;animation&quot;:&quot;none&quot;}\">\n\t\t\t\t<div class=\"elementor-element elementor-element-b6e1ef4 elementor-widget elementor-widget-heading\" data-id=\"b6e1ef4\" data-element_type=\"widget\" data-e-type=\"widget\" data-settings=\"{&quot;_animation&quot;:&quot;none&quot;,&quot;_animation_delay&quot;:50}\" data-widget_type=\"heading.default\">\n\t\t\t\t<div class=\"elementor-widget-container\">\n\t\t\t\t\t<h1 class=\"elementor-heading-title elementor-size-default\">Impressum<\/h1>\t\t\t\t<\/div>\n\t\t\t\t<\/div>\n\t\t\t\t<div class=\"elementor-element elementor-element-e55e7e6 elementor-widget elementor-widget-heading\" data-id=\"e55e7e6\" data-element_type=\"widget\" data-e-type=\"widget\" data-widget_type=\"heading.default\">\n\t\t\t\t<div class=\"elementor-widget-container\">\n\t\t\t\t\t<h1 class=\"elementor-heading-title elementor-size-default\">fischer Edelstahlrohre Austria GmbH<\/h1>\t\t\t\t<\/div>\n\t\t\t\t<\/div>\n\t\t\t\t<div class=\"elementor-element elementor-element-eab2a66 elementor-widget elementor-widget-text-editor\" data-id=\"eab2a66\" data-element_type=\"widget\" data-e-type=\"widget\" data-widget_type=\"text-editor.default\">\n\t\t\t\t<div class=\"elementor-widget-container\">\n\t\t\t\t\t\t\t\t\t<p>UID-Nr: ATU42214402<br \/>FN: 154652 f<br \/>FB-Gericht: Klagenfurt am W\u00f6rthersee<br \/>Sitz: 9112 Griffen<br \/>Gewerbestra\u00dfe 4<\/p><p>Tel: +43 4233 5103<br \/>E-Mail:\u00a0sales-at@fischer-group.com<\/p><p>Mitglied der WK\u00d6, WKK<\/p><p>Berufsrecht:<br \/>Gewerbeordnung: http:\/\/www.ris.bka.gv.at\/<br \/>Bezirkshauptmannschft V\u00f6lkermarkt<\/p><p>Gesch\u00e4ftsf\u00fchrer: Herr Dipl.-Ing. Dr. Paar Heinz G\u00fcnter<\/p><p>T\u00e4tigkeitsbereich: Herstellung von und Handel mit Stahlrohren, Rohrformen-, Rohrverschluss- und Rohrverbundungsst\u00fccken aus Eisen und Stahl.<\/p><p>\u00a0<\/p><p><strong>Bildrechte:\u00a0<\/strong><\/p><p>Die auf dieser Website verwendeten Bilder, Grafiken und Fotografien unterliegen dem Urheberrecht und anderen Gesetzen zum Schutz geistigen Eigentums. Die Rechte an den verwendeten Bildern liegen, sofern nicht anders angegeben, bei fischer Edelstahlrohre Austria GmbH oder den jeweiligen Urhebern.<\/p><p>Eine Verwendung, Vervielf\u00e4ltigung oder Verbreitung der Bilder ist ohne ausdr\u00fcckliche Zustimmung des Rechteinhabers nicht gestattet. Falls Bilder von externen Quellen genutzt wurden, sind die jeweiligen Bildquellen entsprechend gekennzeichnet.<\/p><p>Sollten Sie dennoch eine Urheberrechtsverletzung feststellen, bitten wir um einen entsprechenden Hinweis. Bei berechtigten Beanstandungen werden wir die betreffenden Inhalte umgehend entfernen oder entsprechend kennzeichnen.<\/p>\t\t\t\t\t\t\t\t<\/div>\n\t\t\t\t<\/div>\n\t\t\t\t<\/div>\n\t\t\t\t\t<\/div>\n\t\t\t\t<\/div>\n\t\t\t\t<\/div>","protected":false},"excerpt":{"rendered":"<p>Impressum fischer Edelstahlrohre Austria GmbH UID-Nr: ATU42214402FN: 154652 fFB-Gericht: Klagenfurt am W\u00f6rtherseeSitz: 9112 GriffenGewerbestra\u00dfe 4 Tel: +43 4233 5103E-Mail:\u00a0sales-at@fischer-group.com Mitglied der WK\u00d6, WKK Berufsrecht:Gewerbeordnung: http:\/\/www.ris.bka.gv.at\/Bezirkshauptmannschft V\u00f6lkermarkt Gesch\u00e4ftsf\u00fchrer: Herr Dipl.-Ing. Dr. Paar Heinz G\u00fcnter T\u00e4tigkeitsbereich: Herstellung von und Handel mit Stahlrohren, Rohrformen-, Rohrverschluss- und Rohrverbundungsst\u00fccken aus Eisen und Stahl. \u00a0 Bildrechte:\u00a0 Die auf dieser Website verwendeten [&hellip;]<\/p>\n","protected":false},"author":1,"featured_media":0,"parent":0,"menu_order":0,"comment_status":"closed","ping_status":"closed","template":"elementor_header_footer","meta":{"footnotes":""},"class_list":["post-168","page","type-page","status-publish","hentry"],"yoast_head":"<!-- This site is optimized with the Yoast SEO plugin v27.4 - https:\/\/yoast.com\/product\/yoast-seo-wordpress\/ -->\n<title>Impressum - Fischer Edelstahlrohre Austria<\/title>\n<meta name=\"robots\" content=\"noindex, follow, max-snippet:-1, max-image-preview:large, max-video-preview:-1\" \/>\n<meta property=\"og:locale\" content=\"en_GB\" \/>\n<meta property=\"og:type\" content=\"article\" \/>\n<meta property=\"og:title\" content=\"Impressum - Fischer Edelstahlrohre Austria\" \/>\n<meta property=\"og:description\" content=\"Impressum fischer Edelstahlrohre Austria GmbH UID-Nr: ATU42214402FN: 154652 fFB-Gericht: Klagenfurt am W\u00f6rtherseeSitz: 9112 GriffenGewerbestra\u00dfe 4 Tel: +43 4233 5103E-Mail:\u00a0sales-at@fischer-group.com Mitglied der WK\u00d6, WKK Berufsrecht:Gewerbeordnung: http:\/\/www.ris.bka.gv.at\/Bezirkshauptmannschft V\u00f6lkermarkt Gesch\u00e4ftsf\u00fchrer: Herr Dipl.-Ing. Dr. Paar Heinz G\u00fcnter T\u00e4tigkeitsbereich: Herstellung von und Handel mit Stahlrohren, Rohrformen-, Rohrverschluss- und Rohrverbundungsst\u00fccken aus Eisen und Stahl. \u00a0 Bildrechte:\u00a0 Die auf dieser Website verwendeten [&hellip;]\" \/>\n<meta property=\"og:url\" content=\"https:\/\/fischer-edelstahlrohre-austria.mediapool.digital\/en\/impressum\/\" \/>\n<meta property=\"og:site_name\" content=\"Fischer Edelstahlrohre Austria\" \/>\n<meta property=\"article:publisher\" content=\"https:\/\/www.facebook.com\/fischerEdelstahlrohreAustria\/\" \/>\n<meta property=\"article:modified_time\" content=\"2025-10-08T14:34:18+00:00\" \/>\n<meta name=\"twitter:card\" content=\"summary_large_image\" \/>\n<meta name=\"twitter:label1\" content=\"Estimated reading time\" \/>\n\t<meta name=\"twitter:data1\" content=\"1 minute\" \/>\n<script type=\"application\/ld+json\" class=\"yoast-schema-graph\">{\"@context\":\"https:\\\/\\\/schema.org\",\"@graph\":[{\"@type\":\"WebPage\",\"@id\":\"https:\\\/\\\/fischer-edelstahlrohre-austria.mediapool.digital\\\/impressum\\\/\",\"url\":\"https:\\\/\\\/fischer-edelstahlrohre-austria.mediapool.digital\\\/impressum\\\/\",\"name\":\"Impressum - Fischer Edelstahlrohre Austria\",\"isPartOf\":{\"@id\":\"https:\\\/\\\/fischer-edelstahlrohre-austria.mediapool.digital\\\/#website\"},\"datePublished\":\"2024-03-31T17:54:39+00:00\",\"dateModified\":\"2025-10-08T14:34:18+00:00\",\"breadcrumb\":{\"@id\":\"https:\\\/\\\/fischer-edelstahlrohre-austria.mediapool.digital\\\/impressum\\\/#breadcrumb\"},\"inLanguage\":\"en-GB\",\"potentialAction\":[{\"@type\":\"ReadAction\",\"target\":[\"https:\\\/\\\/fischer-edelstahlrohre-austria.mediapool.digital\\\/impressum\\\/\"]}]},{\"@type\":\"BreadcrumbList\",\"@id\":\"https:\\\/\\\/fischer-edelstahlrohre-austria.mediapool.digital\\\/impressum\\\/#breadcrumb\",\"itemListElement\":[{\"@type\":\"ListItem\",\"position\":1,\"name\":\"Home\",\"item\":\"https:\\\/\\\/fischer-edelstahlrohre-austria.mediapool.digital\\\/\"},{\"@type\":\"ListItem\",\"position\":2,\"name\":\"Impressum\"}]},{\"@type\":\"WebSite\",\"@id\":\"https:\\\/\\\/fischer-edelstahlrohre-austria.mediapool.digital\\\/#website\",\"url\":\"https:\\\/\\\/fischer-edelstahlrohre-austria.mediapool.digital\\\/\",\"name\":\"Fischer Edelstahlrohre Austria\",\"description\":\"Entdecken Sie fischer Edelstahlrohre \u2013 Ihr Partner f\u00fcr hochwertige Edelstahlrohre, innovative L\u00f6sungen und pr\u00e4zise Fertigung. Mit modernsten Technologien, nachhaltigen Prozessen und umfassendem Service setzen wir Ma\u00dfst\u00e4be in Qualit\u00e4t und Zuverl\u00e4ssigkeit. Vertrauen Sie auf unsere Expertise in den Bereichen Automotive, Industrie und Spezialanwendungen. Informieren Sie sich jetzt \u00fcber unsere Produkte, Zertifizierungen und unser Engagement f\u00fcr Umwelt und Gesellschaft.\",\"publisher\":{\"@id\":\"https:\\\/\\\/fischer-edelstahlrohre-austria.mediapool.digital\\\/#organization\"},\"potentialAction\":[{\"@type\":\"SearchAction\",\"target\":{\"@type\":\"EntryPoint\",\"urlTemplate\":\"https:\\\/\\\/fischer-edelstahlrohre-austria.mediapool.digital\\\/?s={search_term_string}\"},\"query-input\":{\"@type\":\"PropertyValueSpecification\",\"valueRequired\":true,\"valueName\":\"search_term_string\"}}],\"inLanguage\":\"en-GB\"},{\"@type\":\"Organization\",\"@id\":\"https:\\\/\\\/fischer-edelstahlrohre-austria.mediapool.digital\\\/#organization\",\"name\":\"fischer Edelstahlrohre Austria\",\"alternateName\":\"fischer\",\"url\":\"https:\\\/\\\/fischer-edelstahlrohre-austria.mediapool.digital\\\/\",\"logo\":{\"@type\":\"ImageObject\",\"inLanguage\":\"en-GB\",\"@id\":\"https:\\\/\\\/fischer-edelstahlrohre-austria.mediapool.digital\\\/#\\\/schema\\\/logo\\\/image\\\/\",\"url\":\"https:\\\/\\\/fischer-edelstahlrohre-austria.mediapool.digital\\\/wp-content\\\/uploads\\\/2024\\\/07\\\/fischer-logo-weiss.png\",\"contentUrl\":\"https:\\\/\\\/fischer-edelstahlrohre-austria.mediapool.digital\\\/wp-content\\\/uploads\\\/2024\\\/07\\\/fischer-logo-weiss.png\",\"width\":500,\"height\":236,\"caption\":\"fischer Edelstahlrohre Austria\"},\"image\":{\"@id\":\"https:\\\/\\\/fischer-edelstahlrohre-austria.mediapool.digital\\\/#\\\/schema\\\/logo\\\/image\\\/\"},\"sameAs\":[\"https:\\\/\\\/www.facebook.com\\\/fischerEdelstahlrohreAustria\\\/\",\"https:\\\/\\\/www.instagram.com\\\/fischergriffen\\\/\"]}]}<\/script>\n<!-- \/ Yoast SEO plugin. -->","yoast_head_json":{"title":"Impressum - Fischer Edelstahlrohre Austria","robots":{"index":"noindex","follow":"follow","max-snippet":"max-snippet:-1","max-image-preview":"max-image-preview:large","max-video-preview":"max-video-preview:-1"},"og_locale":"en_GB","og_type":"article","og_title":"Impressum - Fischer Edelstahlrohre Austria","og_description":"Impressum fischer Edelstahlrohre Austria GmbH UID-Nr: ATU42214402FN: 154652 fFB-Gericht: Klagenfurt am W\u00f6rtherseeSitz: 9112 GriffenGewerbestra\u00dfe 4 Tel: +43 4233 5103E-Mail:\u00a0sales-at@fischer-group.com Mitglied der WK\u00d6, WKK Berufsrecht:Gewerbeordnung: http:\/\/www.ris.bka.gv.at\/Bezirkshauptmannschft V\u00f6lkermarkt Gesch\u00e4ftsf\u00fchrer: Herr Dipl.-Ing. Dr. Paar Heinz G\u00fcnter T\u00e4tigkeitsbereich: Herstellung von und Handel mit Stahlrohren, Rohrformen-, Rohrverschluss- und Rohrverbundungsst\u00fccken aus Eisen und Stahl. \u00a0 Bildrechte:\u00a0 Die auf dieser Website verwendeten [&hellip;]","og_url":"https:\/\/fischer-edelstahlrohre-austria.mediapool.digital\/en\/impressum\/","og_site_name":"Fischer Edelstahlrohre Austria","article_publisher":"https:\/\/www.facebook.com\/fischerEdelstahlrohreAustria\/","article_modified_time":"2025-10-08T14:34:18+00:00","twitter_card":"summary_large_image","twitter_misc":{"Estimated reading time":"1 minute"},"schema":{"@context":"https:\/\/schema.org","@graph":[{"@type":"WebPage","@id":"https:\/\/fischer-edelstahlrohre-austria.mediapool.digital\/impressum\/","url":"https:\/\/fischer-edelstahlrohre-austria.mediapool.digital\/impressum\/","name":"Impressum - Fischer Edelstahlrohre Austria","isPartOf":{"@id":"https:\/\/fischer-edelstahlrohre-austria.mediapool.digital\/#website"},"datePublished":"2024-03-31T17:54:39+00:00","dateModified":"2025-10-08T14:34:18+00:00","breadcrumb":{"@id":"https:\/\/fischer-edelstahlrohre-austria.mediapool.digital\/impressum\/#breadcrumb"},"inLanguage":"en-GB","potentialAction":[{"@type":"ReadAction","target":["https:\/\/fischer-edelstahlrohre-austria.mediapool.digital\/impressum\/"]}]},{"@type":"BreadcrumbList","@id":"https:\/\/fischer-edelstahlrohre-austria.mediapool.digital\/impressum\/#breadcrumb","itemListElement":[{"@type":"ListItem","position":1,"name":"Home","item":"https:\/\/fischer-edelstahlrohre-austria.mediapool.digital\/"},{"@type":"ListItem","position":2,"name":"Impressum"}]},{"@type":"WebSite","@id":"https:\/\/fischer-edelstahlrohre-austria.mediapool.digital\/#website","url":"https:\/\/fischer-edelstahlrohre-austria.mediapool.digital\/","name":"Fischer Edelstahlrohre Austria","description":"Entdecken Sie fischer Edelstahlrohre \u2013 Ihr Partner f\u00fcr hochwertige Edelstahlrohre, innovative L\u00f6sungen und pr\u00e4zise Fertigung. Mit modernsten Technologien, nachhaltigen Prozessen und umfassendem Service setzen wir Ma\u00dfst\u00e4be in Qualit\u00e4t und Zuverl\u00e4ssigkeit. Vertrauen Sie auf unsere Expertise in den Bereichen Automotive, Industrie und Spezialanwendungen. Informieren Sie sich jetzt \u00fcber unsere Produkte, Zertifizierungen und unser Engagement f\u00fcr Umwelt und Gesellschaft.","publisher":{"@id":"https:\/\/fischer-edelstahlrohre-austria.mediapool.digital\/#organization"},"potentialAction":[{"@type":"SearchAction","target":{"@type":"EntryPoint","urlTemplate":"https:\/\/fischer-edelstahlrohre-austria.mediapool.digital\/?s={search_term_string}"},"query-input":{"@type":"PropertyValueSpecification","valueRequired":true,"valueName":"search_term_string"}}],"inLanguage":"en-GB"},{"@type":"Organization","@id":"https:\/\/fischer-edelstahlrohre-austria.mediapool.digital\/#organization","name":"fischer Edelstahlrohre Austria","alternateName":"fischer","url":"https:\/\/fischer-edelstahlrohre-austria.mediapool.digital\/","logo":{"@type":"ImageObject","inLanguage":"en-GB","@id":"https:\/\/fischer-edelstahlrohre-austria.mediapool.digital\/#\/schema\/logo\/image\/","url":"https:\/\/fischer-edelstahlrohre-austria.mediapool.digital\/wp-content\/uploads\/2024\/07\/fischer-logo-weiss.png","contentUrl":"https:\/\/fischer-edelstahlrohre-austria.mediapool.digital\/wp-content\/uploads\/2024\/07\/fischer-logo-weiss.png","width":500,"height":236,"caption":"fischer Edelstahlrohre Austria"},"image":{"@id":"https:\/\/fischer-edelstahlrohre-austria.mediapool.digital\/#\/schema\/logo\/image\/"},"sameAs":["https:\/\/www.facebook.com\/fischerEdelstahlrohreAustria\/","https:\/\/www.instagram.com\/fischergriffen\/"]}]}},"_links":{"self":[{"href":"https:\/\/fischer-edelstahlrohre-austria.mediapool.digital\/en\/wp-json\/wp\/v2\/pages\/168","targetHints":{"allow":["GET"]}}],"collection":[{"href":"https:\/\/fischer-edelstahlrohre-austria.mediapool.digital\/en\/wp-json\/wp\/v2\/pages"}],"about":[{"href":"https:\/\/fischer-edelstahlrohre-austria.mediapool.digital\/en\/wp-json\/wp\/v2\/types\/page"}],"author":[{"embeddable":true,"href":"https:\/\/fischer-edelstahlrohre-austria.mediapool.digital\/en\/wp-json\/wp\/v2\/users\/1"}],"replies":[{"embeddable":true,"href":"https:\/\/fischer-edelstahlrohre-austria.mediapool.digital\/en\/wp-json\/wp\/v2\/comments?post=168"}],"version-history":[{"count":19,"href":"https:\/\/fischer-edelstahlrohre-austria.mediapool.digital\/en\/wp-json\/wp\/v2\/pages\/168\/revisions"}],"predecessor-version":[{"id":3987,"href":"https:\/\/fischer-edelstahlrohre-austria.mediapool.digital\/en\/wp-json\/wp\/v2\/pages\/168\/revisions\/3987"}],"wp:attachment":[{"href":"https:\/\/fischer-edelstahlrohre-austria.mediapool.digital\/en\/wp-json\/wp\/v2\/media?parent=168"}],"curies":[{"name":"wp","href":"https:\/\/api.w.org\/{rel}","templated":true}]}}